{"id":11449,"date":"2021-11-07T21:19:56","date_gmt":"2021-11-07T21:19:56","guid":{"rendered":"http:\/\/aeaf.edu.pt\/?page_id=11449"},"modified":"2024-05-28T18:10:31","modified_gmt":"2024-05-28T18:10:31","slug":"shell-ecomaraton","status":"publish","type":"page","link":"http:\/\/aeaf.edu.pt\/?page_id=11449","title":{"rendered":"Shell EcoMaraton"},"content":{"rendered":"\n<p><strong>A Shell Eco-marathon<\/strong>&nbsp;\u00e9 uma competi\u00e7\u00e3o anual patrocinada pela&nbsp;<a href=\"https:\/\/pt.wikipedia.org\/wiki\/Shell\">Shell<\/a>, voltada para o design e constru\u00e7\u00e3o de ve\u00edculos que desenvolvam a melhor efici\u00eancia em consumo de combust\u00edvel.<\/p>\n\n\n\n<p>O princ\u00edpio da corrida \u00e9 desenhar e construir um ve\u00edculo que utilize a menor quantidade de combust\u00edvel para viajar a maior dist\u00e2ncia poss\u00edvel. O design dos carros \u00e9 extremo, de forma a considerar a redu\u00e7\u00e3o m\u00e1xima do atrito e obter maior efici\u00eancia.<\/p>\n\n\n\n<p>A Shell Eco-marathon come\u00e7ou em&nbsp;<a href=\"https:\/\/pt.wikipedia.org\/wiki\/1939\">1939<\/a>&nbsp;no laborat\u00f3rio de pesquisa da Shell, nos&nbsp;<a href=\"https:\/\/pt.wikipedia.org\/wiki\/Estados_Unidos\">Estados Unidos<\/a>. No in\u00edcio era uma aposta amig\u00e1vel entre os cientistas, para ver quem conseguiria fazer a maior dist\u00e2ncia por gal\u00e3o de combust\u00edvel.<\/p>\n\n\n\n<p>A competi\u00e7\u00e3o na forma como \u00e9 conhecida hoje, (iniciou-se em&nbsp;<a href=\"https:\/\/pt.wikipedia.org\/wiki\/1985\">1985<\/a>, na&nbsp;<a href=\"https:\/\/pt.wikipedia.org\/wiki\/Fran%C3%A7a\">Fran\u00e7a<\/a>), atrai milhares de jovens estudantes, engenheiros e cientistas provenientes de escolas secund\u00e1rias, de Institutos e de Universidades de todo o mundo. No ano letivo 2001-2002, atrav\u00e9s da proposta do professor Carlos Martins, a nossa escola decidiu aderir a este projeto envolvendo os alunos e professores do curso profissional de Mec\u00e2nica. Desde essa data, a nossa escola participou sempre de forma ininterrupta. J\u00e1 l\u00e1 v\u00e3o 20 anos!!!!!<\/p>\n\n\n\n<hr class=\"wp-block-separator\"\/>\n\n\n\n<p class=\"has-text-align-right\">Segue-nos em: <a href=\"https:\/\/www.facebook.com\/ESAF-Eco-marathon-246740918844849\"><strong><span style=\"color:#2310d0\" class=\"has-inline-color\"><u>https:\/\/www.facebook.com\/ESAF-Eco-marathon-246740918844849<\/u><\/span><\/strong><\/a><\/p>\n\n\n\n<hr class=\"wp-block-separator\"\/>\n\n\n\n<p style=\"font-size:18px\"><strong>2024<\/strong><\/p>\n\n\n\n<div class=\"wp-block-image\"><figure class=\"aligncenter size-full\"><a href=\"http:\/\/aeaf.edu.pt\/wp-content\/uploads\/2024\/05\/Introducao.png\"><img loading=\"lazy\" width=\"707\" height=\"142\" src=\"http:\/\/aeaf.edu.pt\/wp-content\/uploads\/2024\/05\/Introducao.png\" alt=\"\" class=\"wp-image-13989\" srcset=\"http:\/\/aeaf.edu.pt\/wp-content\/uploads\/2024\/05\/Introducao.png 707w, http:\/\/aeaf.edu.pt\/wp-content\/uploads\/2024\/05\/Introducao-300x60.png 300w, http:\/\/aeaf.edu.pt\/wp-content\/uploads\/2024\/05\/Introducao-705x142.png 705w, http:\/\/aeaf.edu.pt\/wp-content\/uploads\/2024\/05\/Introducao-450x90.png 450w\" sizes=\"(max-width: 707px) 100vw, 707px\" \/><\/a><\/figure><\/div>\n\n\n\n<div class=\"wp-block-columns\">\n<div class=\"wp-block-column\" style=\"flex-basis:100%\">\n<figure class=\"wp-block-gallery columns-3 is-cropped\"><ul class=\"blocks-gallery-grid\"><li class=\"blocks-gallery-item\"><figure><a href=\"http:\/\/aeaf.edu.pt\/wp-content\/uploads\/2024\/05\/1ShellEcomaraton-scaled.jpg\"><img loading=\"lazy\" width=\"1030\" height=\"811\" src=\"http:\/\/aeaf.edu.pt\/wp-content\/uploads\/2024\/05\/1ShellEcomaraton-1030x811.jpg\" alt=\"\" data-id=\"13992\" data-full-url=\"http:\/\/aeaf.edu.pt\/wp-content\/uploads\/2024\/05\/1ShellEcomaraton-scaled.jpg\" data-link=\"http:\/\/aeaf.edu.pt\/?attachment_id=13992\" class=\"wp-image-13992\" srcset=\"http:\/\/aeaf.edu.pt\/wp-content\/uploads\/2024\/05\/1ShellEcomaraton-1030x811.jpg 1030w, http:\/\/aeaf.edu.pt\/wp-content\/uploads\/2024\/05\/1ShellEcomaraton-300x236.jpg 300w, http:\/\/aeaf.edu.pt\/wp-content\/uploads\/2024\/05\/1ShellEcomaraton-768x605.jpg 768w, http:\/\/aeaf.edu.pt\/wp-content\/uploads\/2024\/05\/1ShellEcomaraton-1536x1209.jpg 1536w, http:\/\/aeaf.edu.pt\/wp-content\/uploads\/2024\/05\/1ShellEcomaraton-2048x1612.jpg 2048w, http:\/\/aeaf.edu.pt\/wp-content\/uploads\/2024\/05\/1ShellEcomaraton-1500x1181.jpg 1500w, http:\/\/aeaf.edu.pt\/wp-content\/uploads\/2024\/05\/1ShellEcomaraton-705x555.jpg 705w, http:\/\/aeaf.edu.pt\/wp-content\/uploads\/2024\/05\/1ShellEcomaraton-450x354.jpg 450w\" sizes=\"(max-width: 1030px) 100vw, 1030px\" \/><\/a><\/figure><\/li><li class=\"blocks-gallery-item\"><figure><a href=\"http:\/\/aeaf.edu.pt\/wp-content\/uploads\/2024\/05\/2ShellEcomaraton-scaled.jpg\"><img loading=\"lazy\" width=\"1030\" height=\"773\" src=\"http:\/\/aeaf.edu.pt\/wp-content\/uploads\/2024\/05\/2ShellEcomaraton-1030x773.jpg\" alt=\"\" data-id=\"13990\" data-full-url=\"http:\/\/aeaf.edu.pt\/wp-content\/uploads\/2024\/05\/2ShellEcomaraton-scaled.jpg\" data-link=\"http:\/\/aeaf.edu.pt\/?attachment_id=13990\" class=\"wp-image-13990\" srcset=\"http:\/\/aeaf.edu.pt\/wp-content\/uploads\/2024\/05\/2ShellEcomaraton-1030x773.jpg 1030w, http:\/\/aeaf.edu.pt\/wp-content\/uploads\/2024\/05\/2ShellEcomaraton-300x225.jpg 300w, http:\/\/aeaf.edu.pt\/wp-content\/uploads\/2024\/05\/2ShellEcomaraton-768x576.jpg 768w, http:\/\/aeaf.edu.pt\/wp-content\/uploads\/2024\/05\/2ShellEcomaraton-1536x1152.jpg 1536w, http:\/\/aeaf.edu.pt\/wp-content\/uploads\/2024\/05\/2ShellEcomaraton-2048x1536.jpg 2048w, http:\/\/aeaf.edu.pt\/wp-content\/uploads\/2024\/05\/2ShellEcomaraton-1500x1125.jpg 1500w, http:\/\/aeaf.edu.pt\/wp-content\/uploads\/2024\/05\/2ShellEcomaraton-705x529.jpg 705w, http:\/\/aeaf.edu.pt\/wp-content\/uploads\/2024\/05\/2ShellEcomaraton-450x338.jpg 450w\" sizes=\"(max-width: 1030px) 100vw, 1030px\" \/><\/a><\/figure><\/li><li class=\"blocks-gallery-item\"><figure><a href=\"http:\/\/aeaf.edu.pt\/wp-content\/uploads\/2024\/05\/3ShellEcomaraton-scaled.jpg\"><img loading=\"lazy\" width=\"773\" height=\"1030\" src=\"http:\/\/aeaf.edu.pt\/wp-content\/uploads\/2024\/05\/3ShellEcomaraton-773x1030.jpg\" alt=\"\" data-id=\"13991\" data-full-url=\"http:\/\/aeaf.edu.pt\/wp-content\/uploads\/2024\/05\/3ShellEcomaraton-scaled.jpg\" data-link=\"http:\/\/aeaf.edu.pt\/?attachment_id=13991\" class=\"wp-image-13991\" srcset=\"http:\/\/aeaf.edu.pt\/wp-content\/uploads\/2024\/05\/3ShellEcomaraton-773x1030.jpg 773w, http:\/\/aeaf.edu.pt\/wp-content\/uploads\/2024\/05\/3ShellEcomaraton-225x300.jpg 225w, http:\/\/aeaf.edu.pt\/wp-content\/uploads\/2024\/05\/3ShellEcomaraton-768x1024.jpg 768w, http:\/\/aeaf.edu.pt\/wp-content\/uploads\/2024\/05\/3ShellEcomaraton-1152x1536.jpg 1152w, http:\/\/aeaf.edu.pt\/wp-content\/uploads\/2024\/05\/3ShellEcomaraton-1536x2048.jpg 1536w, http:\/\/aeaf.edu.pt\/wp-content\/uploads\/2024\/05\/3ShellEcomaraton-1125x1500.jpg 1125w, http:\/\/aeaf.edu.pt\/wp-content\/uploads\/2024\/05\/3ShellEcomaraton-529x705.jpg 529w, http:\/\/aeaf.edu.pt\/wp-content\/uploads\/2024\/05\/3ShellEcomaraton-450x600.jpg 450w, http:\/\/aeaf.edu.pt\/wp-content\/uploads\/2024\/05\/3ShellEcomaraton-scaled.jpg 1920w\" sizes=\"(max-width: 773px) 100vw, 773px\" \/><\/a><\/figure><\/li><\/ul><\/figure>\n<\/div>\n<\/div>\n\n\n\n<hr class=\"wp-block-separator\"\/>\n\n\n\n<p style=\"font-size:18px\"><strong>2021<\/strong><\/p>\n\n\n\n<figure class=\"wp-block-gallery columns-3 is-cropped\"><ul class=\"blocks-gallery-grid\"><li class=\"blocks-gallery-item\"><figure><a href=\"http:\/\/aeaf.edu.pt\/wp-content\/uploads\/2021\/11\/20o-lugar-em-2021.jpg\"><img loading=\"lazy\" width=\"1030\" height=\"276\" src=\"http:\/\/aeaf.edu.pt\/wp-content\/uploads\/2021\/11\/20o-lugar-em-2021-1030x276.jpg\" alt=\"\" data-id=\"11462\" data-full-url=\"http:\/\/aeaf.edu.pt\/wp-content\/uploads\/2021\/11\/20o-lugar-em-2021.jpg\" data-link=\"http:\/\/aeaf.edu.pt\/?attachment_id=11462\" class=\"wp-image-11462\" srcset=\"http:\/\/aeaf.edu.pt\/wp-content\/uploads\/2021\/11\/20o-lugar-em-2021-1030x276.jpg 1030w, http:\/\/aeaf.edu.pt\/wp-content\/uploads\/2021\/11\/20o-lugar-em-2021-300x80.jpg 300w, http:\/\/aeaf.edu.pt\/wp-content\/uploads\/2021\/11\/20o-lugar-em-2021-768x206.jpg 768w, http:\/\/aeaf.edu.pt\/wp-content\/uploads\/2021\/11\/20o-lugar-em-2021-705x189.jpg 705w, http:\/\/aeaf.edu.pt\/wp-content\/uploads\/2021\/11\/20o-lugar-em-2021-450x121.jpg 450w, http:\/\/aeaf.edu.pt\/wp-content\/uploads\/2021\/11\/20o-lugar-em-2021.jpg 1090w\" sizes=\"(max-width: 1030px) 100vw, 1030px\" \/><\/a><\/figure><\/li><li class=\"blocks-gallery-item\"><figure><a href=\"http:\/\/aeaf.edu.pt\/wp-content\/uploads\/2021\/11\/26220893_829133807272221_3454183350531870508_o.jpg\"><img loading=\"lazy\" width=\"1030\" height=\"773\" src=\"http:\/\/aeaf.edu.pt\/wp-content\/uploads\/2021\/11\/26220893_829133807272221_3454183350531870508_o-1030x773.jpg\" alt=\"\" data-id=\"11463\" data-full-url=\"http:\/\/aeaf.edu.pt\/wp-content\/uploads\/2021\/11\/26220893_829133807272221_3454183350531870508_o.jpg\" data-link=\"http:\/\/aeaf.edu.pt\/?attachment_id=11463\" class=\"wp-image-11463\" srcset=\"http:\/\/aeaf.edu.pt\/wp-content\/uploads\/2021\/11\/26220893_829133807272221_3454183350531870508_o-1030x773.jpg 1030w, http:\/\/aeaf.edu.pt\/wp-content\/uploads\/2021\/11\/26220893_829133807272221_3454183350531870508_o-300x225.jpg 300w, http:\/\/aeaf.edu.pt\/wp-content\/uploads\/2021\/11\/26220893_829133807272221_3454183350531870508_o-768x576.jpg 768w, http:\/\/aeaf.edu.pt\/wp-content\/uploads\/2021\/11\/26220893_829133807272221_3454183350531870508_o-1536x1152.jpg 1536w, http:\/\/aeaf.edu.pt\/wp-content\/uploads\/2021\/11\/26220893_829133807272221_3454183350531870508_o-1500x1125.jpg 1500w, http:\/\/aeaf.edu.pt\/wp-content\/uploads\/2021\/11\/26220893_829133807272221_3454183350531870508_o-705x529.jpg 705w, http:\/\/aeaf.edu.pt\/wp-content\/uploads\/2021\/11\/26220893_829133807272221_3454183350531870508_o-450x338.jpg 450w, http:\/\/aeaf.edu.pt\/wp-content\/uploads\/2021\/11\/26220893_829133807272221_3454183350531870508_o.jpg 2048w\" sizes=\"(max-width: 1030px) 100vw, 1030px\" \/><\/a><\/figure><\/li><li class=\"blocks-gallery-item\"><figure><a href=\"http:\/\/aeaf.edu.pt\/wp-content\/uploads\/2021\/11\/Carro-Pista.jpg\"><img loading=\"lazy\" width=\"1030\" height=\"638\" src=\"http:\/\/aeaf.edu.pt\/wp-content\/uploads\/2021\/11\/Carro-Pista-1030x638.jpg\" alt=\"\" data-id=\"11464\" data-full-url=\"http:\/\/aeaf.edu.pt\/wp-content\/uploads\/2021\/11\/Carro-Pista.jpg\" data-link=\"http:\/\/aeaf.edu.pt\/?attachment_id=11464\" class=\"wp-image-11464\" srcset=\"http:\/\/aeaf.edu.pt\/wp-content\/uploads\/2021\/11\/Carro-Pista-1030x638.jpg 1030w, http:\/\/aeaf.edu.pt\/wp-content\/uploads\/2021\/11\/Carro-Pista-300x186.jpg 300w, http:\/\/aeaf.edu.pt\/wp-content\/uploads\/2021\/11\/Carro-Pista-768x476.jpg 768w, http:\/\/aeaf.edu.pt\/wp-content\/uploads\/2021\/11\/Carro-Pista-1536x952.jpg 1536w, http:\/\/aeaf.edu.pt\/wp-content\/uploads\/2021\/11\/Carro-Pista-1500x929.jpg 1500w, http:\/\/aeaf.edu.pt\/wp-content\/uploads\/2021\/11\/Carro-Pista-705x437.jpg 705w, http:\/\/aeaf.edu.pt\/wp-content\/uploads\/2021\/11\/Carro-Pista-450x279.jpg 450w, http:\/\/aeaf.edu.pt\/wp-content\/uploads\/2021\/11\/Carro-Pista.jpg 1722w\" sizes=\"(max-width: 1030px) 100vw, 1030px\" \/><\/a><\/figure><\/li><\/ul><\/figure>\n\n\n\n<div class=\"wp-block-file aligncenter\"><a href=\"http:\/\/aeaf.edu.pt\/wp-content\/uploads\/2024\/05\/relatorio-shell-eco-marathon.pdf\" target=\"_blank\" rel=\"noreferrer noopener\"><strong><span class=\"has-inline-color has-black-color\"><u>Relatorio Shell-Eco-Marathon<\/u><\/span><\/strong><\/a><a href=\"http:\/\/aeaf.edu.pt\/wp-content\/uploads\/2024\/05\/relatorio-shell-eco-marathon.pdf\" class=\"wp-block-file__button\" download>Descarregar<\/a><\/div>\n","protected":false},"excerpt":{"rendered":"<p>A Shell Eco-marathon&nbsp;\u00e9 uma competi\u00e7\u00e3o anual patrocinada pela&nbsp;Shell, voltada para o design e constru\u00e7\u00e3o de ve\u00edculos que desenvolvam a melhor efici\u00eancia em consumo de combust\u00edvel. O princ\u00edpio da corrida \u00e9 desenhar e construir um ve\u00edculo que utilize a menor quantidade de combust\u00edvel para viajar a maior dist\u00e2ncia poss\u00edvel. O design dos carros \u00e9 extremo, de [&hellip;]<\/p>\n","protected":false},"author":5,"featured_media":0,"parent":0,"menu_order":0,"comment_status":"closed","ping_status":"closed","template":"","meta":[],"_links":{"self":[{"href":"http:\/\/aeaf.edu.pt\/index.php?rest_route=\/wp\/v2\/pages\/11449"}],"collection":[{"href":"http:\/\/aeaf.edu.pt\/index.php?rest_route=\/wp\/v2\/pages"}],"about":[{"href":"http:\/\/aeaf.edu.pt\/index.php?rest_route=\/wp\/v2\/types\/page"}],"author":[{"embeddable":true,"href":"http:\/\/aeaf.edu.pt\/index.php?rest_route=\/wp\/v2\/users\/5"}],"replies":[{"embeddable":true,"href":"http:\/\/aeaf.edu.pt\/index.php?rest_route=%2Fwp%2Fv2%2Fcomments&post=11449"}],"version-history":[{"count":3,"href":"http:\/\/aeaf.edu.pt\/index.php?rest_route=\/wp\/v2\/pages\/11449\/revisions"}],"predecessor-version":[{"id":13994,"href":"http:\/\/aeaf.edu.pt\/index.php?rest_route=\/wp\/v2\/pages\/11449\/revisions\/13994"}],"wp:attachment":[{"href":"http:\/\/aeaf.edu.pt\/index.php?rest_route=%2Fwp%2Fv2%2Fmedia&parent=11449"}],"curies":[{"name":"wp","href":"https:\/\/api.w.org\/{rel}","templated":true}]}}