{"id":11656,"date":"2022-05-12T16:05:15","date_gmt":"2022-05-12T16:05:15","guid":{"rendered":"http:\/\/aeaf.edu.pt\/?page_id=11656"},"modified":"2024-05-25T14:05:50","modified_gmt":"2024-05-25T14:05:50","slug":"oferta-educativa-cursos-profissionais-2","status":"publish","type":"page","link":"http:\/\/aeaf.edu.pt\/?page_id=11656","title":{"rendered":"Oferta Educativa &#8211; Cursos Profissionais"},"content":{"rendered":"<div style='padding-bottom:30px;' class='av-special-heading av-special-heading-h1  blockquote modern-quote modern-centered  '><h1 class='av-special-heading-tag'  itemprop=\"headline\"  >TODA A APRENDIZAGEM NUM S\u00d3 S\u00cdTIO<\/h1><div class ='av-subheading av-subheading_below ' style='font-size:13px;'><p>PROCURA AQUI O CURSO PERFEITO PARA TI!<\/p>\n<\/div><div class='special-heading-border'><div class='special-heading-inner-border' ><\/div><\/div><\/div>\n<div class='sort_width_container av-sort-yes' data-portfolio-id='1' ><div id='js_sort_items' ><div class='sort_by_cat hidden '><a href=\"#\" data-filter=\"all_sort\" class=\"all_sort_button active_sort\"><span class=\"inner_sort_button\"><span>All<\/span><small class=\"av-cat-count\"> 8 <\/small><\/span><\/a><span class='text-sep profissionais_sort_sep'>\/<\/span><a href=\"#\" data-filter=\"profissionais_sort\" class=\"profissionais_sort_button\" ><span class=\"inner_sort_button\"><span>Profissionais<\/span><small class='av-cat-count'> 8 <\/small><\/span><\/a><\/div><\/div><\/div><div class='portfolio_preview_container ' data-portfolio-id='1'>\n\t\t\t\t\t\t\t\t<div class='ajax_controlls iconfont'>\n\t\t\t\t\t\t\t\t\t<a href='#prev' class='ajax_previous' \taria-hidden='true' data-av_icon='\ue878' data-av_iconfont='entypo-fontello'><\/a>\n\t\t\t\t\t\t\t\t\t<a href='#next' class='ajax_next'\t\taria-hidden='true' data-av_icon='\ue879' data-av_iconfont='entypo-fontello'><\/a>\n\t\t\t\t\t\t\t\t\t<a class='avia_close' href='#close'\t\taria-hidden='true' data-av_icon='\ue814' data-av_iconfont='entypo-fontello'><\/a>\n\t\t\t\t\t\t\t\t<\/div>\n\t\t\t\t\t\t\t\t<div class='portfolio-details-inner'><\/div>\n\t\t\t\t\t\t\t<\/div><div class=' grid-sort-container isotope no_margin-container with-excerpt-container grid-total-even grid-col-5 grid-links-ajax' data-portfolio-id='1'><div data-ajax-id='13978' class=' grid-entry flex_column isotope-item all_sort no_margin post-entry post-entry-13978 grid-entry-overview grid-loop-1 grid-parity-odd  profissionais_sort  av_one_fifth first default_av_fullwidth '><article class='main_color inner-entry'  itemscope=\"itemscope\" itemtype=\"https:\/\/schema.org\/CreativeWork\" ><a href='http:\/\/aeaf.edu.pt\/?portfolio=tecnico-de-manutencao-industrial-eletromecanica-3' title='T\u00e9cnico de Eletr\u00f3nica, Automa\u00e7\u00e3o e Comando'  data-rel='grid-1' class='grid-image avia-hover-fx'><img width=\"260\" height=\"185\" src=\"http:\/\/aeaf.edu.pt\/wp-content\/uploads\/2024\/05\/TEAutomacaoComando-260x185.png\" class=\"attachment-portfolio_small size-portfolio_small wp-post-image\" alt=\"\" loading=\"lazy\" \/><\/a><div class='grid-content'><div class='avia-arrow'><\/div><header class=\"entry-content-header\"><h3 class='grid-entry-title entry-title'  itemprop=\"headline\" ><a href='http:\/\/aeaf.edu.pt\/?portfolio=tecnico-de-manutencao-industrial-eletromecanica-3' title='T\u00e9cnico de Eletr\u00f3nica, Automa\u00e7\u00e3o e Comando'>T\u00e9cnico de Eletr\u00f3nica, Automa\u00e7\u00e3o e Comando<\/a><\/h3><\/header><\/div><footer class=\"entry-footer\"><\/footer><\/article><\/div><div data-ajax-id='13188' class=' grid-entry flex_column isotope-item all_sort no_margin post-entry post-entry-13188 grid-entry-overview grid-loop-2 grid-parity-even  profissionais_sort  av_one_fifth  default_av_fullwidth '><article class='main_color inner-entry'  itemscope=\"itemscope\" itemtype=\"https:\/\/schema.org\/CreativeWork\" ><a href='http:\/\/aeaf.edu.pt\/?portfolio=tecnico-a-de-apoio-a-gestao' title='T\u00e9cnico\/a de Apoio \u00e0 Gest\u00e3o'  data-rel='grid-1' class='grid-image avia-hover-fx'><img width=\"260\" height=\"185\" src=\"http:\/\/aeaf.edu.pt\/wp-content\/uploads\/2023\/06\/Gestao-260x185.png\" class=\"attachment-portfolio_small size-portfolio_small wp-post-image\" alt=\"\" loading=\"lazy\" \/><\/a><div class='grid-content'><div class='avia-arrow'><\/div><header class=\"entry-content-header\"><h3 class='grid-entry-title entry-title'  itemprop=\"headline\" ><a href='http:\/\/aeaf.edu.pt\/?portfolio=tecnico-a-de-apoio-a-gestao' title='T\u00e9cnico\/a de Apoio \u00e0 Gest\u00e3o'>T\u00e9cnico\/a de Apoio \u00e0 Gest\u00e3o<\/a><\/h3><\/header><\/div><footer class=\"entry-footer\"><\/footer><\/article><\/div><div data-ajax-id='12111' class=' grid-entry flex_column isotope-item all_sort no_margin post-entry post-entry-12111 grid-entry-overview grid-loop-3 grid-parity-odd  profissionais_sort  av_one_fifth  default_av_fullwidth '><article class='main_color inner-entry'  itemscope=\"itemscope\" itemtype=\"https:\/\/schema.org\/CreativeWork\" ><a href='http:\/\/aeaf.edu.pt\/?portfolio=tecnico-a-de-design-de-comunicacao-grafica' title='T\u00e9cnico\/a de Design de Comunica\u00e7\u00e3o Gr\u00e1fica'  data-rel='grid-1' class='grid-image avia-hover-fx'><img width=\"260\" height=\"185\" src=\"http:\/\/aeaf.edu.pt\/wp-content\/uploads\/2022\/05\/CDesign-260x185.png\" class=\"attachment-portfolio_small size-portfolio_small wp-post-image\" alt=\"\" loading=\"lazy\" \/><\/a><div class='grid-content'><div class='avia-arrow'><\/div><header class=\"entry-content-header\"><h3 class='grid-entry-title entry-title'  itemprop=\"headline\" ><a href='http:\/\/aeaf.edu.pt\/?portfolio=tecnico-a-de-design-de-comunicacao-grafica' title='T\u00e9cnico\/a de Design de Comunica\u00e7\u00e3o Gr\u00e1fica'>T\u00e9cnico\/a de Design de Comunica\u00e7\u00e3o Gr\u00e1fica<\/a><\/h3><\/header><\/div><footer class=\"entry-footer\"><\/footer><\/article><\/div><div data-ajax-id='11723' class=' grid-entry flex_column isotope-item all_sort no_margin post-entry post-entry-11723 grid-entry-overview grid-loop-4 grid-parity-even  profissionais_sort  av_one_fifth  default_av_fullwidth '><article class='main_color inner-entry'  itemscope=\"itemscope\" itemtype=\"https:\/\/schema.org\/CreativeWork\" ><a href='http:\/\/aeaf.edu.pt\/?portfolio=tecnico-a-de-contabilidade' title='T\u00e9cnico\/a de Contabilidade'  data-rel='grid-1' class='grid-image avia-hover-fx'><img width=\"260\" height=\"185\" src=\"http:\/\/aeaf.edu.pt\/wp-content\/uploads\/2021\/12\/CContabilidade-260x185.jpg\" class=\"attachment-portfolio_small size-portfolio_small wp-post-image\" alt=\"\" loading=\"lazy\" \/><\/a><div class='grid-content'><div class='avia-arrow'><\/div><header class=\"entry-content-header\"><h3 class='grid-entry-title entry-title'  itemprop=\"headline\" ><a href='http:\/\/aeaf.edu.pt\/?portfolio=tecnico-a-de-contabilidade' title='T\u00e9cnico\/a de Contabilidade'>T\u00e9cnico\/a de Contabilidade<\/a><\/h3><\/header><\/div><footer class=\"entry-footer\"><\/footer><\/article><\/div><div data-ajax-id='11720' class=' grid-entry flex_column isotope-item all_sort no_margin post-entry post-entry-11720 grid-entry-overview grid-loop-5 grid-parity-odd  profissionais_sort  av_one_fifth  default_av_fullwidth '><article class='main_color inner-entry'  itemscope=\"itemscope\" itemtype=\"https:\/\/schema.org\/CreativeWork\" ><a href='http:\/\/aeaf.edu.pt\/?portfolio=tecnico-de-gestao-e-programacao-de-sistemas-informaticos-2' title='T\u00e9cnico de Gest\u00e3o e Programa\u00e7\u00e3o de Sistemas Inform\u00e1ticos'  data-rel='grid-1' class='grid-image avia-hover-fx'><img width=\"260\" height=\"185\" src=\"http:\/\/aeaf.edu.pt\/wp-content\/uploads\/2021\/12\/CGPSInf-260x185.jpg\" class=\"attachment-portfolio_small size-portfolio_small wp-post-image\" alt=\"\" loading=\"lazy\" \/><\/a><div class='grid-content'><div class='avia-arrow'><\/div><header class=\"entry-content-header\"><h3 class='grid-entry-title entry-title'  itemprop=\"headline\" ><a href='http:\/\/aeaf.edu.pt\/?portfolio=tecnico-de-gestao-e-programacao-de-sistemas-informaticos-2' title='T\u00e9cnico de Gest\u00e3o e Programa\u00e7\u00e3o de Sistemas Inform\u00e1ticos'>T\u00e9cnico de Gest\u00e3o e Programa\u00e7\u00e3o de Sistemas Inform\u00e1ticos<\/a><\/h3><\/header><\/div><footer class=\"entry-footer\"><\/footer><\/article><\/div><div data-ajax-id='11719' class=' grid-entry flex_column isotope-item all_sort no_margin post-entry post-entry-11719 grid-entry-overview grid-loop-6 grid-parity-even  profissionais_sort  av_one_fifth first default_av_fullwidth '><article class='main_color inner-entry'  itemscope=\"itemscope\" itemtype=\"https:\/\/schema.org\/CreativeWork\" ><a href='http:\/\/aeaf.edu.pt\/?portfolio=tecnico-de-manutencao-industrial-eletromecanica-2' title='T\u00e9cnico de Manuten\u00e7\u00e3o Industrial \/ Eletromec\u00e2nica'  data-rel='grid-1' class='grid-image avia-hover-fx'><img width=\"260\" height=\"185\" src=\"http:\/\/aeaf.edu.pt\/wp-content\/uploads\/2021\/12\/CManutencaoIndunst-260x185.jpg\" class=\"attachment-portfolio_small size-portfolio_small wp-post-image\" alt=\"\" loading=\"lazy\" \/><\/a><div class='grid-content'><div class='avia-arrow'><\/div><header class=\"entry-content-header\"><h3 class='grid-entry-title entry-title'  itemprop=\"headline\" ><a href='http:\/\/aeaf.edu.pt\/?portfolio=tecnico-de-manutencao-industrial-eletromecanica-2' title='T\u00e9cnico de Manuten\u00e7\u00e3o Industrial \/ Eletromec\u00e2nica'>T\u00e9cnico de Manuten\u00e7\u00e3o Industrial \/ Eletromec\u00e2nica<\/a><\/h3><\/header><\/div><footer class=\"entry-footer\"><\/footer><\/article><\/div><div data-ajax-id='11718' class=' grid-entry flex_column isotope-item all_sort no_margin post-entry post-entry-11718 grid-entry-overview grid-loop-7 grid-parity-odd  profissionais_sort  av_one_fifth  default_av_fullwidth '><article class='main_color inner-entry'  itemscope=\"itemscope\" itemtype=\"https:\/\/schema.org\/CreativeWork\" ><a href='http:\/\/aeaf.edu.pt\/?portfolio=tecnico-a-de-mecatronica' title='T\u00e9cnico\/a de Mecatr\u00f3nica'  data-rel='grid-1' class='grid-image avia-hover-fx'><img width=\"260\" height=\"185\" src=\"http:\/\/aeaf.edu.pt\/wp-content\/uploads\/2021\/12\/CMecatronica-260x185.jpg\" class=\"attachment-portfolio_small size-portfolio_small wp-post-image\" alt=\"\" loading=\"lazy\" \/><\/a><div class='grid-content'><div class='avia-arrow'><\/div><header class=\"entry-content-header\"><h3 class='grid-entry-title entry-title'  itemprop=\"headline\" ><a href='http:\/\/aeaf.edu.pt\/?portfolio=tecnico-a-de-mecatronica' title='T\u00e9cnico\/a de Mecatr\u00f3nica'>T\u00e9cnico\/a de Mecatr\u00f3nica<\/a><\/h3><\/header><\/div><footer class=\"entry-footer\"><\/footer><\/article><\/div><div data-ajax-id='11717' class=' grid-entry flex_column isotope-item all_sort no_margin post-entry post-entry-11717 grid-entry-overview grid-loop-8 grid-parity-even  post-entry-last  profissionais_sort  av_one_fifth  default_av_fullwidth '><article class='main_color inner-entry'  itemscope=\"itemscope\" itemtype=\"https:\/\/schema.org\/CreativeWork\" ><a href='http:\/\/aeaf.edu.pt\/?portfolio=tecnico-a-de-multimedia' title='T\u00e9cnico\/a de Multim\u00e9dia'  data-rel='grid-1' class='grid-image avia-hover-fx'><img width=\"260\" height=\"185\" src=\"http:\/\/aeaf.edu.pt\/wp-content\/uploads\/2021\/12\/CMultimedia-260x185.png\" class=\"attachment-portfolio_small size-portfolio_small wp-post-image\" alt=\"\" loading=\"lazy\" \/><\/a><div class='grid-content'><div class='avia-arrow'><\/div><header class=\"entry-content-header\"><h3 class='grid-entry-title entry-title'  itemprop=\"headline\" ><a href='http:\/\/aeaf.edu.pt\/?portfolio=tecnico-a-de-multimedia' title='T\u00e9cnico\/a de Multim\u00e9dia'>T\u00e9cnico\/a de Multim\u00e9dia<\/a><\/h3><\/header><\/div><footer class=\"entry-footer\"><\/footer><\/article><\/div><\/div>\n\n\n<p><\/p>\n","protected":false},"excerpt":{"rendered":"","protected":false},"author":1,"featured_media":0,"parent":0,"menu_order":0,"comment_status":"open","ping_status":"open","template":"","meta":[],"_links":{"self":[{"href":"http:\/\/aeaf.edu.pt\/index.php?rest_route=\/wp\/v2\/pages\/11656"}],"collection":[{"href":"http:\/\/aeaf.edu.pt\/index.php?rest_route=\/wp\/v2\/pages"}],"about":[{"href":"http:\/\/aeaf.edu.pt\/index.php?rest_route=\/wp\/v2\/types\/page"}],"author":[{"embeddable":true,"href":"http:\/\/aeaf.edu.pt\/index.php?rest_route=\/wp\/v2\/users\/1"}],"replies":[{"embeddable":true,"href":"http:\/\/aeaf.edu.pt\/index.php?rest_route=%2Fwp%2Fv2%2Fcomments&post=11656"}],"version-history":[{"count":3,"href":"http:\/\/aeaf.edu.pt\/index.php?rest_route=\/wp\/v2\/pages\/11656\/revisions"}],"predecessor-version":[{"id":14563,"href":"http:\/\/aeaf.edu.pt\/index.php?rest_route=\/wp\/v2\/pages\/11656\/revisions\/14563"}],"wp:attachment":[{"href":"http:\/\/aeaf.edu.pt\/index.php?rest_route=%2Fwp%2Fv2%2Fmedia&parent=11656"}],"curies":[{"name":"wp","href":"https:\/\/api.w.org\/{rel}","templated":true}]}}