{"id":11562,"date":"2021-11-21T23:10:07","date_gmt":"2021-11-21T23:10:07","guid":{"rendered":"http:\/\/aeaf.edu.pt\/?page_id=11562"},"modified":"2026-02-11T15:46:32","modified_gmt":"2026-02-11T15:46:32","slug":"cursos-profissionais","status":"publish","type":"page","link":"https:\/\/aeaf.edu.pt\/?page_id=11562","title":{"rendered":"Cursos Profissionais"},"content":{"rendered":"\n<h1>Cursos Profissionais<\/h1>\n\n\n\n<p class=\"has-text-align-left\" style=\"font-size:18px\">Os Cursos Profissionais s\u00e3o um percurso de ensino secund\u00e1rio com dupla certifica\u00e7\u00e3o, ou seja, em que se desenvolvem compet\u00eancias sociais, cient\u00edficas e profissionais necess\u00e1rias ao exerc\u00edcio de uma atividade profissional e simultaneamente se obt\u00e9m o n\u00edvel secund\u00e1rio de educa\u00e7\u00e3o.<\/p>\n\n\n\n<p class=\"has-text-align-center\" style=\"font-size:18px\">Estes cursos preparam os jovens para uma mais f\u00e1cil e qualificada inser\u00e7\u00e3o no mercado de trabalho e permitem a realiza\u00e7\u00e3o de estudos ao n\u00edvel p\u00f3s-secund\u00e1rio e ensino superior&nbsp;.<\/p>\n\n\n\n<div class=\"wp-block-image\"><figure class=\"alignright size-large\"><a href=\"http:\/\/aeaf.edu.pt\/wp-content\/uploads\/2024\/11\/logoProf.png\"><img loading=\"lazy\" width=\"1030\" height=\"81\" src=\"http:\/\/aeaf.edu.pt\/wp-content\/uploads\/2024\/11\/logoProf-1030x81.png\" alt=\"\" class=\"wp-image-14769\" srcset=\"https:\/\/aeaf.edu.pt\/wp-content\/uploads\/2024\/11\/logoProf-1030x81.png 1030w, https:\/\/aeaf.edu.pt\/wp-content\/uploads\/2024\/11\/logoProf-300x24.png 300w, https:\/\/aeaf.edu.pt\/wp-content\/uploads\/2024\/11\/logoProf-768x60.png 768w, https:\/\/aeaf.edu.pt\/wp-content\/uploads\/2024\/11\/logoProf-705x55.png 705w, https:\/\/aeaf.edu.pt\/wp-content\/uploads\/2024\/11\/logoProf-450x35.png 450w, https:\/\/aeaf.edu.pt\/wp-content\/uploads\/2024\/11\/logoProf.png 1334w\" sizes=\"(max-width: 1030px) 100vw, 1030px\" \/><\/a><figcaption>Os Fundos Europeus mais pr\u00f3ximos de si.<\/figcaption><\/figure><\/div>\n\n\n\n<div style=\"height:49px\" aria-hidden=\"true\" class=\"wp-block-spacer\"><\/div>\n\n\n\n<hr class=\"wp-block-separator\"\/>\n\n\n\n<div class=\"wp-block-media-text alignwide is-stacked-on-mobile\" style=\"grid-template-columns:18% auto\"><figure class=\"wp-block-media-text__media\"><img loading=\"lazy\" width=\"198\" height=\"193\" src=\"http:\/\/aeaf.edu.pt\/wp-content\/uploads\/2025\/01\/selo.png\" alt=\"\" class=\"wp-image-14836 size-full\" srcset=\"https:\/\/aeaf.edu.pt\/wp-content\/uploads\/2025\/01\/selo.png 198w, https:\/\/aeaf.edu.pt\/wp-content\/uploads\/2025\/01\/selo-36x36.png 36w\" sizes=\"(max-width: 198px) 100vw, 198px\" \/><\/figure><div class=\"wp-block-media-text__content\">\n<p class=\"has-large-font-size\"><\/p>\n\n\n\n<div class=\"wp-block-file\"><object class=\"wp-block-file__embed\" data=\"https:\/\/aeaf.edu.pt\/wp-content\/uploads\/2026\/02\/PESSOAS2030_FichaOperacao_A4_com_selo-25-26-1.pdf\" type=\"application\/pdf\" style=\"width:100%;height:600px\" aria-label=\"Incorpora\u00e7\u00e3o de <strong&gt;<span class=&quot;has-inline-color has-black-color&quot;&gt;PESSOAS2030_FichaOperacao_A4_com_selo-25-26<\/span&gt;<\/strong&gt;.\"><\/object><a href=\"https:\/\/aeaf.edu.pt\/wp-content\/uploads\/2026\/02\/PESSOAS2030_FichaOperacao_A4_com_selo-25-26-1.pdf\" target=\"_blank\" rel=\"noreferrer noopener\"><strong><span class=\"has-inline-color has-black-color\">PESSOAS2030_FichaOperacao_A4_com_selo-25-26<\/span><\/strong><\/a><a href=\"https:\/\/aeaf.edu.pt\/wp-content\/uploads\/2026\/02\/PESSOAS2030_FichaOperacao_A4_com_selo-25-26-1.pdf\" class=\"wp-block-file__button\" download>Descarregar<\/a><\/div>\n\n\n\n<div class=\"wp-block-file\"><a href=\"https:\/\/aeaf.edu.pt\/wp-content\/uploads\/2025\/05\/PESSOAS2030_FichaOperacao_A4_com_selo-24-25.pdf\" target=\"_blank\" rel=\"noreferrer noopener\"><strong><span class=\"has-inline-color has-black-color\">PESSOAS2030_FichaOperacao_A4_com_selo-24-25<\/span><\/strong><\/a><a href=\"https:\/\/aeaf.edu.pt\/wp-content\/uploads\/2025\/05\/PESSOAS2030_FichaOperacao_A4_com_selo-24-25.pdf\" class=\"wp-block-file__button\" download>Descarregar<\/a><\/div>\n\n\n\n<div class=\"wp-block-group\"><div class=\"wp-block-group__inner-container\">\n<div class=\"wp-block-file\"><a href=\"http:\/\/aeaf.edu.pt\/wp-content\/uploads\/2025\/03\/PESSOAS2030_FichaOperacao_A4_com_selo-23-24-1.pdf\" target=\"_blank\" rel=\"noreferrer noopener\"><strong><u>PESSOAS2030_FichaOperacao_A4_com_selo 23-24<\/u><\/strong><\/a><a href=\"http:\/\/aeaf.edu.pt\/wp-content\/uploads\/2025\/03\/PESSOAS2030_FichaOperacao_A4_com_selo-23-24-1.pdf\" class=\"wp-block-file__button\" download>Descarregar<\/a><\/div>\n<\/div><\/div>\n<\/div><\/div>\n\n\n\n<hr class=\"wp-block-separator\"\/>\n\n\n\n<div class=\"wp-block-buttons is-content-justification-space-between\">\n<div class=\"wp-block-button has-custom-font-size is-style-outline has-medium-font-size\"><a class=\"wp-block-button__link has-black-color has-cyan-bluish-gray-background-color has-text-color has-background\" href=\"http:\/\/aeaf.edu.pt\/?page_id=11552\" target=\"_blank\" rel=\"noreferrer noopener\"><strong><span class=\"has-inline-color has-black-color\">Oferta Formativa &#8211; Cursos Profissionais<\/span><\/strong><\/a><\/div>\n\n\n\n<div class=\"wp-block-button is-style-outline\"><a class=\"wp-block-button__link has-black-color has-cyan-bluish-gray-background-color has-text-color has-background\" href=\"http:\/\/aeaf.edu.pt\/?page_id=10392\" target=\"_blank\" rel=\"noreferrer noopener\"><strong><span class=\"has-inline-color has-black-color\">EQAVET<\/span><\/strong><\/a><\/div>\n\n\n\n<div class=\"wp-block-button is-style-outline\"><a class=\"wp-block-button__link has-black-color has-cyan-bluish-gray-background-color has-text-color has-background\"><strong><span class=\"has-inline-color has-black-color\">Oferta de emprego\/estagio profissional<\/span><\/strong><\/a><\/div>\n\n\n\n<div class=\"wp-block-button is-style-outline\"><a class=\"wp-block-button__link has-black-color has-cyan-bluish-gray-background-color has-text-color has-background\" href=\"http:\/\/aeaf.edu.pt\/?p=14188\" target=\"_blank\" rel=\"noreferrer noopener\"><strong><span class=\"has-inline-color has-black-color\">Matrizes Exames 2024<\/span><\/strong><\/a><\/div>\n<\/div>\n\n\n\n<div style=\"height:44px\" aria-hidden=\"true\" class=\"wp-block-spacer\"><\/div>\n\n\n\n<hr class=\"wp-block-separator\"\/>\n\n\n\n<div style=\"height:50px\" aria-hidden=\"true\" class=\"wp-block-spacer\"><\/div>\n\n\n\n<div class=\"wp-block-columns\">\n<div class=\"wp-block-column\">\n<p class=\"has-text-align-center\" style=\"font-size:18px\"><strong><span class=\"has-inline-color has-black-color\">Inscri\u00e7\u00e3o para Prova de R<\/span><\/strong><span class=\"has-inline-color has-black-color\">e<\/span><strong><span class=\"has-inline-color has-black-color\">cupera\u00e7\u00e3o Extraordin\u00e1ria <\/span><\/strong><\/p>\n\n\n\n<p class=\"has-text-align-center\"><strong>\u2013 \u00c9poca Especial de Final de Ciclo Formativo 2020\/2021<\/strong>:<\/p>\n\n\n\n<div class=\"wp-block-buttons is-content-justification-center\">\n<div class=\"wp-block-button\"><a class=\"wp-block-button__link has-white-color has-text-color\" href=\"http:\/\/aeaf.edu.pt\/?p=11205\" target=\"_blank\" rel=\"noreferrer noopener\">Inscri\u00e7\u00e3o<\/a><\/div>\n<\/div>\n\n\n\n<hr class=\"wp-block-separator\"\/>\n<\/div>\n\n\n\n<div class=\"wp-block-column\">\n<p class=\"has-text-align-center\" style=\"font-size:18px\"><strong>CRIT\u00c9RIOS DE AVALIA\u00c7\u00c3O DA PROVA DE APTID\u00c3O PROFISSIONAL(PAP) &amp; Datas de defesa da PAP<\/strong><\/p>\n\n\n\n<div class=\"wp-block-file aligncenter\"><a href=\"https:\/\/aeaf.edu.pt\/wp-content\/uploads\/2025\/11\/Datas-de-defesa-da-PAP-e-Criterios-de-Avaliacao-2526.pdf\" target=\"_blank\" rel=\"noreferrer noopener\"><strong><span class=\"has-inline-color has-black-color\"><u>Datas de defesa da PAP e Crit\u00e9rios de Avalia\u00e7\u00e3o 25\/26<\/u><\/span><\/strong><\/a><a href=\"https:\/\/aeaf.edu.pt\/wp-content\/uploads\/2025\/11\/Datas-de-defesa-da-PAP-e-Criterios-de-Avaliacao-2526.pdf\" class=\"wp-block-file__button\" download>Descarregar<\/a><\/div>\n<\/div>\n<\/div>\n\n\n\n<div class=\"wp-block-columns\">\n<div class=\"wp-block-column\">\n<p class=\"has-text-align-center\" style=\"font-size:18px\"><strong><span class=\"has-inline-color has-black-color\"> <strong><span class=\"has-inline-color has-black-color\">FCT<\/span><\/strong> <\/span><\/strong><\/p>\n\n\n\n<p class=\"has-text-align-center\"><strong> <strong><span class=\"has-inline-color has-black-color\">Forma\u00e7\u00e3o em Contexto de Trabalho<\/span><\/strong> <\/strong><\/p>\n\n\n\n<div class=\"wp-block-buttons is-content-justification-center\"><\/div>\n\n\n\n<div class=\"wp-block-file aligncenter\"><a href=\"http:\/\/aeaf.edu.pt\/wp-content\/uploads\/2024\/10\/Criterios-de-Avaliacao-FCT.pdf\" target=\"_blank\" rel=\"noreferrer noopener\"><strong><span class=\"has-inline-color has-black-color\"><u>Crit\u00e9rios de Avalia\u00e7\u00e3o FCT<\/u><\/span><\/strong><\/a><a href=\"http:\/\/aeaf.edu.pt\/wp-content\/uploads\/2024\/10\/Criterios-de-Avaliacao-FCT.pdf\" class=\"wp-block-file__button\" download>Descarregar<\/a><\/div>\n<\/div>\n\n\n\n<div class=\"wp-block-column has-background\" style=\"background-color:#d3d8dd\">\n<p class=\"has-text-align-center\" style=\"font-size:26px\"><strong>Testemunhos de Alunos<\/strong><\/p>\n\n\n\n<figure class=\"wp-block-audio\"><audio controls src=\"https:\/\/aeaf.edu.pt\/wp-content\/uploads\/2025\/09\/Ricardo-PTT-2024-11-05.mp3\"><\/audio><figcaption><strong><span class=\"has-inline-color has-black-color\">Ricardo<\/span><\/strong><\/figcaption><\/figure>\n\n\n\n<figure class=\"wp-block-audio\"><audio controls src=\"https:\/\/aeaf.edu.pt\/wp-content\/uploads\/2025\/09\/Tiago-Faria-Declaracao.mp3\"><\/audio><figcaption><strong><span class=\"has-inline-color has-black-color\">Tiago Faria<\/span><\/strong><\/figcaption><\/figure>\n\n\n\n<div class=\"wp-block-file\"><a href=\"https:\/\/aeaf.edu.pt\/wp-content\/uploads\/2025\/09\/Simao-Goncalves-Feedback-curso.pdf\" target=\"_blank\" rel=\"noreferrer noopener\"><strong><span class=\"has-inline-color has-black-color\"><u>Sim\u00e3o Gon\u00e7alves &#8211; Feedback curso<\/u><\/span><\/strong><\/a><a href=\"https:\/\/aeaf.edu.pt\/wp-content\/uploads\/2025\/09\/Simao-Goncalves-Feedback-curso.pdf\" class=\"wp-block-file__button\" download>Descarregar<\/a><\/div>\n<\/div>\n<\/div>\n\n\n\n<hr class=\"wp-block-separator\"\/>\n\n\n\n<div style=\"height:50px\" aria-hidden=\"true\" class=\"wp-block-spacer\"><\/div>\n\n\n\n<div class=\"wp-block-buttons is-content-justification-space-between\">\n<div class=\"wp-block-button\"><a class=\"wp-block-button__link\" href=\"http:\/\/aeaf.edu.pt\/?page_id=11449\" target=\"_blank\" rel=\"noreferrer noopener\"><strong><span class=\"has-inline-color has-white-color\">Participa\u00e7\u00e3o em Projetos<\/span><\/strong><\/a><\/div>\n\n\n\n<div class=\"wp-block-button\"><a class=\"wp-block-button__link\" href=\"https:\/\/sites.google.com\/aeaf.edu.pt\/antigosalunosalcaidesfaria\/p%C3%A1gina-inicial\" target=\"_blank\" rel=\"noreferrer noopener\"><strong><span class=\"has-inline-color has-white-color\"> Grupo Alunos \/ Antigos Alunos<\/span><\/strong> <\/a><\/div>\n<\/div>\n\n\n\n<p style=\"font-size:18px\"><strong><span class=\"has-inline-color has-black-color\"><\/span><\/strong><\/p>\n\n\n\n<div class=\"wp-block-buttons\"><\/div>\n\n\n\n<div class=\"wp-block-buttons\"><\/div>\n","protected":false},"excerpt":{"rendered":"<p>Cursos Profissionais Os Cursos Profissionais s\u00e3o um percurso de ensino secund\u00e1rio com dupla certifica\u00e7\u00e3o, ou seja, em que se desenvolvem compet\u00eancias sociais, cient\u00edficas e profissionais necess\u00e1rias ao exerc\u00edcio de uma atividade profissional e simultaneamente se obt\u00e9m o n\u00edvel secund\u00e1rio de educa\u00e7\u00e3o. Estes cursos preparam os jovens para uma mais f\u00e1cil e qualificada inser\u00e7\u00e3o no mercado [&hellip;]<\/p>\n","protected":false},"author":1,"featured_media":10002,"parent":0,"menu_order":0,"comment_status":"closed","ping_status":"closed","template":"","meta":[],"_links":{"self":[{"href":"https:\/\/aeaf.edu.pt\/index.php?rest_route=\/wp\/v2\/pages\/11562"}],"collection":[{"href":"https:\/\/aeaf.edu.pt\/index.php?rest_route=\/wp\/v2\/pages"}],"about":[{"href":"https:\/\/aeaf.edu.pt\/index.php?rest_route=\/wp\/v2\/types\/page"}],"author":[{"embeddable":true,"href":"https:\/\/aeaf.edu.pt\/index.php?rest_route=\/wp\/v2\/users\/1"}],"replies":[{"embeddable":true,"href":"https:\/\/aeaf.edu.pt\/index.php?rest_route=%2Fwp%2Fv2%2Fcomments&post=11562"}],"version-history":[{"count":73,"href":"https:\/\/aeaf.edu.pt\/index.php?rest_route=\/wp\/v2\/pages\/11562\/revisions"}],"predecessor-version":[{"id":16030,"href":"https:\/\/aeaf.edu.pt\/index.php?rest_route=\/wp\/v2\/pages\/11562\/revisions\/16030"}],"wp:featuredmedia":[{"embeddable":true,"href":"https:\/\/aeaf.edu.pt\/index.php?rest_route=\/wp\/v2\/media\/10002"}],"wp:attachment":[{"href":"https:\/\/aeaf.edu.pt\/index.php?rest_route=%2Fwp%2Fv2%2Fmedia&parent=11562"}],"curies":[{"name":"wp","href":"https:\/\/api.w.org\/{rel}","templated":true}]}}