{"id":12247,"date":"2022-06-15T17:43:45","date_gmt":"2022-06-15T17:43:45","guid":{"rendered":"http:\/\/aeaf.edu.pt\/?page_id=12247"},"modified":"2022-06-15T17:43:47","modified_gmt":"2022-06-15T17:43:47","slug":"servicos-de-psicologia-e-orientacao-aeaf","status":"publish","type":"page","link":"https:\/\/aeaf.edu.pt\/?page_id=12247","title":{"rendered":"Servi\u00e7os de Psicologia e Orienta\u00e7\u00e3o &#8211; AEAF"},"content":{"rendered":"\n<div class=\"wp-block-media-text alignwide is-stacked-on-mobile\"><figure class=\"wp-block-media-text__media\"><img loading=\"lazy\" width=\"1030\" height=\"687\" src=\"http:\/\/aeaf.edu.pt\/wp-content\/uploads\/2018\/11\/psicologia-1030x687.png\" alt=\"\" class=\"wp-image-7748 size-full\" srcset=\"https:\/\/aeaf.edu.pt\/wp-content\/uploads\/2018\/11\/psicologia-1030x687.png 1030w, https:\/\/aeaf.edu.pt\/wp-content\/uploads\/2018\/11\/psicologia-300x200.png 300w, https:\/\/aeaf.edu.pt\/wp-content\/uploads\/2018\/11\/psicologia-768x512.png 768w, https:\/\/aeaf.edu.pt\/wp-content\/uploads\/2018\/11\/psicologia-1500x1001.png 1500w, https:\/\/aeaf.edu.pt\/wp-content\/uploads\/2018\/11\/psicologia-705x470.png 705w, https:\/\/aeaf.edu.pt\/wp-content\/uploads\/2018\/11\/psicologia-450x300.png 450w, https:\/\/aeaf.edu.pt\/wp-content\/uploads\/2018\/11\/psicologia.png 1980w\" sizes=\"(max-width: 1030px) 100vw, 1030px\" \/><\/figure><div class=\"wp-block-media-text__content\">\n<p class=\"has-medium-font-size\"> <strong>S<\/strong>ervi\u00e7os de <strong>P<\/strong>sicologia e <strong>O<\/strong>rienta\u00e7\u00e3o (<strong>SPO<\/strong>)<\/p>\n\n\n\n<p>Os <strong>S<\/strong>ervi\u00e7os de <strong>P<\/strong>sicologia e <strong>O<\/strong>rienta\u00e7\u00e3o (<strong>SPO<\/strong>) s\u00e3o unidades especializadas de apoio educativo, integradas na rede escolar, que atuam em estreita articula\u00e7\u00e3o com os outros servi\u00e7os de apoio educativo, designadamente os de apoio a alunos com necessidades escolares espec\u00edficas, os de a\u00e7\u00e3o social escolar e os de apoio \u00e0 sa\u00fade escolar. Os SPO asseguram, na prossecu\u00e7\u00e3o das suas atribui\u00e7\u00f5es, o acompanhamento do aluno, individualmente ou em grupo, ao longo do processo educativo, bem como o apoio ao desenvolvimento do sistema de rela\u00e7\u00f5es interpessoais no interior da escola e entre esta e a comunidade. No 3\u00b0 Ciclo do Ensino B\u00e1sico e Secund\u00e1rio, o SPO exerce ainda a sua atividade no dom\u00ednio da orienta\u00e7\u00e3o escolar, vocacional e profissional.<\/p>\n\n\n<div id=\"accordions-12249\" class=\"accordions-12249 accordions\">\r\n                <div id=\"accordions-lazy-12249\" class=\"accordions-lazy\">\r\n                    <\/div>\r\n        <script>\r\n            (function($) {\r\n                $(window).on(\"load\",function(){\r\n                    $('#accordions-lazy-12249').fadeOut();\r\n                    $('#accordions-12249 .items').fadeIn();\r\n                })\r\n        })(jQuery);\r\n        <\/script><style type='text\/css'>\r\n        @media only screen and (min-width: 1024px) {\r\n            #accordions-12249 {\r\n                width: 100%;\r\n                            }\r\n        }\r\n        @media only screen and (min-width: 768px) and (max-width: 1023px) {\r\n            #accordions-12249 {\r\n                width: 100%;\r\n                            }\r\n        }\r\n        @media only screen and (min-width: 0px) and (max-width: 767px) {\r\n            #accordions-12249 {\r\n                width: 100%;\r\n                            }\r\n        }\r\n        #accordions-12249 .items {\r\n            display: none;\r\n        }\r\n\r\n        #accordions-12249 .accordions-lazy {\r\n            text-align: center;\r\n            position: absolute;\r\n            top: 50%;\r\n            left: 50%;\r\n            transform: translate(-50%, -50%);\r\n        }\r\n\r\n        #accordions-12249 {\r\n            text-align: left;\r\n            background: #ffffff url() repeat scroll 0 0;\r\n            position: relative;\r\n        }\r\n\r\n        #accordions-12249 .accordions-head {\r\n            background: #cccccc none repeat scroll 0 0;\r\n            \r\n                        outline: none;\r\n        }\r\n\r\n        #accordions-12249 .accordions-head-title {\r\n            color: #ffffff;\r\n            font-size: 16px;\r\n                    }\r\n\r\n        #accordions-12249 .accordions-head-title-toggle {\r\n            color: #ffffff;\r\n            font-size: 16px;\r\n                    }\r\n\r\n        #accordions-12249 .accordions-head:hover .accordions-head-title {\r\n            color: #ffffff;\r\n                    }\r\n\r\n        #accordions-12249 .ui-state-active {\r\n            background: #7f7f7f;\r\n            border: none;\r\n        }\r\n\r\n        #accordions-12249 .accordion-content {\r\n            background: #ffffff none repeat scroll 0 0;\r\n            border: none;\r\n        }\r\n\r\n        #accordions-12249 .accordion-icons {\r\n            color: #ffffff;\r\n                    }\r\n\r\n        #accordions-12249 .accordions-head:hover .accordion-icons span {\r\n                    }\r\n\r\n            <\/style>\r\n<div class=\"items\">\r\n                        <div post_id=\"12249\" itemcount=\"0\" header_id=\"header-1655313258716\" id=\"header-1655313258716\" style=\"\" class=\"accordions-head head1655313258716 border-none\" toggle-text=\"\" main-text=\"Hor\u00e1rio\">\r\n                                            <span id=\"accordion-icons-1655313258716\" class=\"accordion-icons\">\r\n                            <span class=\"accordion-icon-active accordion-plus\"><i class=\"fas fa-chevron-up\"><\/i><\/span>\r\n                            <span class=\"accordion-icon-inactive accordion-minus\"><i class=\"fas fa-chevron-right\"><\/i><\/span>\r\n                        <\/span>\r\n                        <span id=\"header-text-1655313258716\" class=\"accordions-head-title\">Hor\u00e1rio<\/span>\r\n                                    <\/div>\r\n                <div class=\"accordion-content content1655313258716 \">\r\n                    <p>Escola Secund\u00e1ria Alcaides de Faria: <span style=\"text-decoration: underline\"><strong><a href=\"http:\/\/aeaf.edu.pt\/wp-content\/uploads\/2014\/05\/hor\u00e1rio-SPO-Dra-Helena-Oliveira.pdf\">Dr\u00aa Helena Oliveira<\/a><\/strong><\/span><\/p>\n<p>Escola B\u00e1sica de Manhente: <span style=\"text-decoration: underline\"><strong><a href=\"http:\/\/aeaf.edu.pt\/wp-content\/uploads\/2014\/06\/Hor\u00e1rio-SPO-Manhente.pdf\">Dr\u00aa Sandra Bal\u00e3o<\/a><\/strong><\/span><\/p>\n                <\/div>\r\n                        <div post_id=\"12249\" itemcount=\"1\" header_id=\"header-1655313497678\" id=\"header-1655313497678\" style=\"\" class=\"accordions-head head1655313497678 border-none\" toggle-text=\"\" main-text=\"Contactos\">\r\n                                            <span id=\"accordion-icons-1655313497678\" class=\"accordion-icons\">\r\n                            <span class=\"accordion-icon-active accordion-plus\"><i class=\"fas fa-chevron-up\"><\/i><\/span>\r\n                            <span class=\"accordion-icon-inactive accordion-minus\"><i class=\"fas fa-chevron-right\"><\/i><\/span>\r\n                        <\/span>\r\n                        <span id=\"header-text-1655313497678\" class=\"accordions-head-title\">Contactos<\/span>\r\n                                    <\/div>\r\n                <div class=\"accordion-content content1655313497678 \">\r\n                    <p><strong>Telefone<\/strong>: 938938364 <strong>ou<\/strong> 253 80 10 60<\/p>\n<p><strong>Escola Secund\u00e1ria Alcaides de Faria: <\/strong><a href=\"mailto:spo.af@aeaf.edu.pt\"><span style=\"text-decoration: underline\">spo.af@aeaf.edu.pt<\/span><\/a><\/p>\n<p><strong>Escola B\u00e1sica de Manhente: <\/strong><a href=\"mailto:spo.ma@aeaf.edu.pt\"><span style=\"text-decoration: underline\">spo.ma@aeaf.edu.pt<\/span><\/a><\/p>\n                <\/div>\r\n            <\/div>\r\n    <script>\r\n   (function($) {\r\n\r\n$(document).on(\"ready\",function(){\r\n            accordions_active_index_12249 = [];\r\n                })})(jQuery);\r\n    <\/script>    <script>\r\n        (function($) {\r\n\r\n$(document).on(\"ready\",function(){\r\n            accordion_12249 = $(\"#accordions-12249 .items\").accordion({\r\n                event: \"click\",\r\n                collapsible: true,\r\n                heightStyle: \"content\",\r\n                animate: (\"swing\", 1000),\r\n                navigation: true,\r\n                active: 999,\r\n                            });\r\n        })})(jQuery);\r\n    <\/script>\r\n                <\/div>\n<\/div><\/div>\n","protected":false},"excerpt":{"rendered":"","protected":false},"author":1,"featured_media":0,"parent":0,"menu_order":0,"comment_status":"closed","ping_status":"closed","template":"","meta":[],"_links":{"self":[{"href":"https:\/\/aeaf.edu.pt\/index.php?rest_route=\/wp\/v2\/pages\/12247"}],"collection":[{"href":"https:\/\/aeaf.edu.pt\/index.php?rest_route=\/wp\/v2\/pages"}],"about":[{"href":"https:\/\/aeaf.edu.pt\/index.php?rest_route=\/wp\/v2\/types\/page"}],"author":[{"embeddable":true,"href":"https:\/\/aeaf.edu.pt\/index.php?rest_route=\/wp\/v2\/users\/1"}],"replies":[{"embeddable":true,"href":"https:\/\/aeaf.edu.pt\/index.php?rest_route=%2Fwp%2Fv2%2Fcomments&post=12247"}],"version-history":[{"count":3,"href":"https:\/\/aeaf.edu.pt\/index.php?rest_route=\/wp\/v2\/pages\/12247\/revisions"}],"predecessor-version":[{"id":12254,"href":"https:\/\/aeaf.edu.pt\/index.php?rest_route=\/wp\/v2\/pages\/12247\/revisions\/12254"}],"wp:attachment":[{"href":"https:\/\/aeaf.edu.pt\/index.php?rest_route=%2Fwp%2Fv2%2Fmedia&parent=12247"}],"curies":[{"name":"wp","href":"https:\/\/api.w.org\/{rel}","templated":true}]}}