{"id":3055,"date":"2014-05-06T12:24:24","date_gmt":"2014-05-06T12:24:24","guid":{"rendered":"http:\/\/aeaf.edu.pt\/?page_id=3055"},"modified":"2018-11-26T12:14:17","modified_gmt":"2018-11-26T12:14:17","slug":"servicos-de-accao-social-escolar-sase","status":"publish","type":"page","link":"https:\/\/aeaf.edu.pt\/?page_id=3055","title":{"rendered":"Servi\u00e7os de Ac\u00e7\u00e3o Social Escolar (SASE)"},"content":{"rendered":"<div class=\"flex_column av_two_third  flex_column_div first  \" ><div class='avia-image-container  av-styling-   avia-align-center '  itemscope=\"itemscope\" itemtype=\"https:\/\/schema.org\/ImageObject\"  ><div class='avia-image-container-inner'><img class='avia_image ' src='http:\/\/aeaf.edu.pt\/wp-content\/uploads\/2014\/05\/SASE.jpg' alt='' title='SASE'   itemprop=\"contentURL\"  \/><\/div><\/div><\/div>\n<div class=\"flex_column av_one_third  flex_column_div av-zero-column-padding   \" style='border-radius:0px; '><section class=\"av_textblock_section\"  itemscope=\"itemscope\" itemtype=\"https:\/\/schema.org\/CreativeWork\" ><div class='avia_textblock '   itemprop=\"text\" ><h3>Servi\u00e7o de Ac\u00e7\u00e3o Social Escolar<\/h3>\n<p><span style=\"color: #222222;\">O Servi\u00e7o de Ac\u00e7\u00e3o Social Escolar (SASE) trata dos\u00a0subs\u00eddios de estudo, nomeadamente,\u00a0apoio alimentar\u00a0no bufete e refeit\u00f3rio da escola\u00a0e apoio \u00e0 aquisi\u00e7\u00e3o de livros e materiais escolares, atribui\u00e7\u00e3o de\u00a0Bolsas de M\u00e9rito.<\/span><\/p>\n<\/div><\/section><br \/>\n<div  class='hr hr-default '><span class='hr-inner ' ><span class='hr-inner-style'><\/span><\/span><\/div><br \/>\n<section class=\"av_textblock_section\"  itemscope=\"itemscope\" itemtype=\"https:\/\/schema.org\/CreativeWork\" ><div class='avia_textblock '   itemprop=\"text\" ><h3>Atendimento<\/h3>\n<p>O SASE da Escola Secund\u00e1ria Alcaides de Faria funciona nos Servi\u00e7os de Administra\u00e7\u00e3o Escolar\/Secretaria, com hor\u00e1rio de atendimento das 09h00\u00a0\u00e0s 16h00.<\/p>\n<\/div><\/section><\/p><\/div>\n","protected":false},"excerpt":{"rendered":"","protected":false},"author":1,"featured_media":0,"parent":0,"menu_order":0,"comment_status":"closed","ping_status":"closed","template":"","meta":[],"_links":{"self":[{"href":"https:\/\/aeaf.edu.pt\/index.php?rest_route=\/wp\/v2\/pages\/3055"}],"collection":[{"href":"https:\/\/aeaf.edu.pt\/index.php?rest_route=\/wp\/v2\/pages"}],"about":[{"href":"https:\/\/aeaf.edu.pt\/index.php?rest_route=\/wp\/v2\/types\/page"}],"author":[{"embeddable":true,"href":"https:\/\/aeaf.edu.pt\/index.php?rest_route=\/wp\/v2\/users\/1"}],"replies":[{"embeddable":true,"href":"https:\/\/aeaf.edu.pt\/index.php?rest_route=%2Fwp%2Fv2%2Fcomments&post=3055"}],"version-history":[{"count":13,"href":"https:\/\/aeaf.edu.pt\/index.php?rest_route=\/wp\/v2\/pages\/3055\/revisions"}],"predecessor-version":[{"id":7745,"href":"https:\/\/aeaf.edu.pt\/index.php?rest_route=\/wp\/v2\/pages\/3055\/revisions\/7745"}],"wp:attachment":[{"href":"https:\/\/aeaf.edu.pt\/index.php?rest_route=%2Fwp%2Fv2%2Fmedia&parent=3055"}],"curies":[{"name":"wp","href":"https:\/\/api.w.org\/{rel}","templated":true}]}}