{"id":3076,"date":"2014-05-06T12:38:07","date_gmt":"2014-05-06T12:38:07","guid":{"rendered":"http:\/\/aeaf.edu.pt\/?page_id=3076"},"modified":"2022-06-15T17:00:32","modified_gmt":"2022-06-15T17:00:32","slug":"servicos-de-psicologia-e-orientacao","status":"publish","type":"page","link":"https:\/\/aeaf.edu.pt\/?page_id=3076","title":{"rendered":"Servi\u00e7os de Psicologia e Orienta\u00e7\u00e3o (SPO)"},"content":{"rendered":"<p>&lt;p&gt;<div class=\"flex_column av_two_third  flex_column_div first  \" ><div class='avia-image-container  av-styling-   avia-align-center '  itemscope=\"itemscope\" itemtype=\"https:\/\/schema.org\/ImageObject\"  ><div class='avia-image-container-inner'><img class='avia_image ' src='https:\/\/aeaf.edu.pt\/wp-content\/uploads\/2018\/11\/psicologia-845x684.png' alt='' title='Psicologia e Orienta\u00e7\u00e3o'   itemprop=\"contentURL\"  \/><\/div><\/div><\/div><div class=\"flex_column av_one_third  flex_column_div av-zero-column-padding   \" style='border-radius:0px; '><p>&lt;br \/&gt;<section class=\"av_textblock_section\"  itemscope=\"itemscope\" itemtype=\"https:\/\/schema.org\/CreativeWork\" ><div class='avia_textblock '   itemprop=\"text\" ><p>Servi\u00e7os de Psicologia e Orienta\u00e7\u00e3oOs servi\u00e7os de psicologia e orienta\u00e7\u00e3o (SPO) s\u00e3o unidades especializadas de apoio educativo, integradas na rede escolar, que atuam em estreita articula\u00e7\u00e3o com os outros servi\u00e7os de apoio educativo, designadamente os de apoio a alunos com necessidades escolares espec\u00edficas, os de a\u00e7\u00e3o social escolar e os de apoio \u00e0 sa\u00fade escolar.Os SPO asseguram, na prossecu\u00e7\u00e3o das suas atribui\u00e7\u00f5es, o acompanhamento do aluno, individualmente ou em grupo, ao longo do processo educativo, bem como o apoio ao desenvolvimento do sistema de rela\u00e7\u00f5es interpessoais no interior da escola e entre esta e a comunidade. No 3\u00b0 Ciclo do Ensino B\u00e1sico e secund\u00e1rio, o SPO exerce ainda a sua atividade no dom\u00ednio da orienta\u00e7\u00e3o escolar, vocacional e profissional.<\/p>\n<\/div><\/section><div class=\"togglecontainer toggle_close_all \">&lt;br \/&gt;<section class=\"av_toggle_section\"  itemscope=\"itemscope\" itemtype=\"https:\/\/schema.org\/CreativeWork\" >    <div class=\"single_toggle\" data-tags=\"{All} \" >        <p data-fake-id=\"#toggle-id-1\" class=\"toggler activeTitle\"  itemprop=\"headline\" >Hor\u00e1rio<span class=\"toggle_icon\">        <span class=\"vert_icon\"><\/span><span class=\"hor_icon\"><\/span><\/span><\/p>        <div id=\"toggle-id-1-container\" class=\"toggle_wrap active_tc\" >            <div class=\"toggle_content invers-color\"  itemprop=\"text\" ><p>Escola Secund\u00e1ria Alcaides de Faria:&lt;strong&gt;&lt;span style=&#8221;color: #000000;&#8221; data-mce-style=&#8221;color: #000000;&#8221;&gt;&lt;span style=&#8221;color: #000000;&#8221; data-mce-style=&#8221;color: #000000;&#8221;&gt;&lt;a href=&#8221;http:\/\/aeaf.edu.pt\/wp-content\/uploads\/2014\/05\/hor\u00e1rio-SPO-Dra-Helena-Oliveira.pdf&#8221; target=&#8221;_blank&#8221; rel=&#8221;noopener&#8221; data-mce-href=&#8221;http:\/\/aeaf.edu.pt\/wp-content\/uploads\/2014\/05\/hor\u00e1rio-SPO-Dra-Helena-Oliveira.pdf&#8221;&gt;Hor\u00e1rio&lt;\/a&gt;&lt;\/span&gt;&lt;\/span&gt;&lt;\/strong&gt;Escola EB 2,3 de Manhente:&lt;strong&gt;&lt;span style=&#8221;color: #000000;&#8221; data-mce-style=&#8221;color: #000000;&#8221;&gt;&lt;a href=&#8221;http:\/\/aeaf.edu.pt\/wp-content\/uploads\/2014\/06\/Hor\u00e1rio-SPO-Manhente.pdf&#8221; target=&#8221;_blank&#8221; rel=&#8221;noopener&#8221; data-mce-href=&#8221;http:\/\/aeaf.edu.pt\/wp-content\/uploads\/2014\/06\/Hor\u00e1rio-SPO-Manhente.pdf&#8221;&gt;Hor\u00e1rio&lt;\/a&gt;&lt;\/span&gt;&lt;\/strong&gt;<\/p>\n            <\/div>        <\/div>    <\/div><\/section>&lt;br \/&gt;<section class=\"av_toggle_section\"  itemscope=\"itemscope\" itemtype=\"https:\/\/schema.org\/CreativeWork\" >    <div class=\"single_toggle\" data-tags=\"{All} \" >        <p data-fake-id=\"#toggle-id-2\" class=\"toggler \"  itemprop=\"headline\" >CONTACTOS<span class=\"toggle_icon\">        <span class=\"vert_icon\"><\/span><span class=\"hor_icon\"><\/span><\/span><\/p>        <div id=\"toggle-id-2-container\" class=\"toggle_wrap \" >            <div class=\"toggle_content invers-color\"  itemprop=\"text\" ><p>&lt;br \/&gt;spo.af@aeaf.edu.pttlm: 938938364 \u00a0ou tlf: 253 80 10 60 (ext:42)spo.ma@aeaf.edu.pt&lt;br \/&gt;<\/p>\n            <\/div>        <\/div>    <\/div><\/section>&lt;br \/&gt;<\/div>&lt;br \/&gt;<\/p><\/div>&lt;\/p&gt;<\/p>\n","protected":false},"excerpt":{"rendered":"<p>&lt;p&gt;&lt;\/p&gt;<\/p>\n","protected":false},"author":1,"featured_media":0,"parent":0,"menu_order":0,"comment_status":"closed","ping_status":"closed","template":"","meta":[],"_links":{"self":[{"href":"https:\/\/aeaf.edu.pt\/index.php?rest_route=\/wp\/v2\/pages\/3076"}],"collection":[{"href":"https:\/\/aeaf.edu.pt\/index.php?rest_route=\/wp\/v2\/pages"}],"about":[{"href":"https:\/\/aeaf.edu.pt\/index.php?rest_route=\/wp\/v2\/types\/page"}],"author":[{"embeddable":true,"href":"https:\/\/aeaf.edu.pt\/index.php?rest_route=\/wp\/v2\/users\/1"}],"replies":[{"embeddable":true,"href":"https:\/\/aeaf.edu.pt\/index.php?rest_route=%2Fwp%2Fv2%2Fcomments&post=3076"}],"version-history":[{"count":11,"href":"https:\/\/aeaf.edu.pt\/index.php?rest_route=\/wp\/v2\/pages\/3076\/revisions"}],"predecessor-version":[{"id":12245,"href":"https:\/\/aeaf.edu.pt\/index.php?rest_route=\/wp\/v2\/pages\/3076\/revisions\/12245"}],"wp:attachment":[{"href":"https:\/\/aeaf.edu.pt\/index.php?rest_route=%2Fwp%2Fv2%2Fmedia&parent=3076"}],"curies":[{"name":"wp","href":"https:\/\/api.w.org\/{rel}","templated":true}]}}