{"id":3734,"date":"2014-07-14T21:49:02","date_gmt":"2014-07-14T21:49:02","guid":{"rendered":"http:\/\/aeaf.edu.pt\/?page_id=3734"},"modified":"2018-01-06T22:08:39","modified_gmt":"2018-01-06T22:08:39","slug":"formulario-efa","status":"publish","type":"page","link":"https:\/\/aeaf.edu.pt\/?page_id=3734","title":{"rendered":"Formul\u00e1rio &#8211; EFA"},"content":{"rendered":"<div class=\"flex_column av_one_half  flex_column_div first  \" ><section class=\"av_textblock_section\"  itemscope=\"itemscope\" itemtype=\"https:\/\/schema.org\/CreativeWork\" ><div class='avia_textblock '   itemprop=\"text\" ><h2>Pr\u00e9-inscri\u00e7\u00e3o no Curso EFA\u00a0da AEAF<\/h2>\n<h4><\/h4>\n<h4><strong>Notas:<\/strong><\/h4>\n<ul>\n<li>Esta pr\u00e9-inscri\u00e7\u00e3o n\u00e3o serve como matr\u00edcula.<\/li>\n<li>Atrav\u00e9s dela avis\u00e1mo-lo dos prazos de matr\u00edcula e dos elementos necess\u00e1rios para que esta seja efetuada junto dos servi\u00e7os administrativos.<\/li>\n<li>Reveja bem a informa\u00e7\u00e3o colocada no formul\u00e1rio antes de enviar.<\/li>\n<li>O\u00a0AEAF\u00a0<strong>n\u00e3o se responsabiliza<\/strong>\u00a0por enganos no fornecimento de dados de contacto\/pessoais ou por enganos na ordem de sele\u00e7\u00e3o de cursos presentes neste formul\u00e1rio.<\/li>\n<li>Em caso de necessidade de altera\u00e7\u00e3o de dados, por favor passe pela secretaria do Agrupamento.<\/li>\n<li><strong>Sujeito a aprova\u00e7\u00e3o superior.<\/strong><\/li>\n<\/ul>\n<\/div><\/section><\/div>\n<div class=\"flex_column av_one_half  flex_column_div av-zero-column-padding   \" style='border-radius:0px; '><form action=\"https:\/\/aeaf.edu.pt\/?page_id=3734\" method=\"post\" class=\"avia_ajax_form av-form-labels-visible   \" data-avia-form-id=\"1\" data-avia-redirect=''><fieldset><h3>Inscri\u00e7\u00e3o via Correio Eletr\u00f3nico<\/h3><p class=' first_form  form_element form_fullwidth' id='element_avia_nome_completo_1'><label for=\"avia_nome_completo_1\">Nome Completo <abbr class=\"required\" title=\"required\">*<\/abbr><\/label> <input name=\"avia_nome_completo_1\" class=\"text_input is_empty\" type=\"text\" id=\"avia_nome_completo_1\" value=\"\" \/><\/p><p class=' first_form  form_element form_fullwidth' id='element_avia_bicc_1'><label for=\"avia_bicc_1\">B.I.\/C.C. <abbr class=\"required\" title=\"required\">*<\/abbr><\/label> <input name=\"avia_bicc_1\" class=\"text_input is_empty\" type=\"text\" id=\"avia_bicc_1\" value=\"\" \/><\/p><p class=' first_form  form_element form_fullwidth' id='element_avia_telemveltelefone_1'><label for=\"avia_telemveltelefone_1\">Telem\u00f3vel\/Telefone <abbr class=\"required\" title=\"required\">*<\/abbr><\/label> <input name=\"avia_telemveltelefone_1\" class=\"text_input is_phone\" type=\"text\" id=\"avia_telemveltelefone_1\" value=\"\" \/><\/p><p class=' first_form  form_element form_fullwidth' id='element_avia_e-mail_1'><label for=\"avia_e-mail_1\">E-Mail <abbr class=\"required\" title=\"required\">*<\/abbr><\/label> <input name=\"avia_e-mail_1\" class=\"text_input is_email\" type=\"text\" id=\"avia_e-mail_1\" value=\"\" \/><\/p><p class=' first_form  form_element form_fullwidth' id='element_avia_habilitaes_1'><label for=\"avia_habilitaes_1\">Habilita\u00e7\u00f5es <abbr class=\"required\" title=\"required\">*<\/abbr><\/label> <input name=\"avia_habilitaes_1\" class=\"text_input is_empty\" type=\"text\" id=\"avia_habilitaes_1\" value=\"\" \/><\/p><p class=' first_form  form_element form_fullwidth' id='element_avia_pretendo_candidatar-me_1'><label for=\"avia_pretendo_candidatar-me_1\">Pretendo candidatar-me <abbr class=\"required\" title=\"required\">*<\/abbr><\/label> <select  name=\"avia_pretendo_candidatar-me_1\" class=\"select is_empty\" id=\"avia_pretendo_candidatar-me_1\"><option  value ='Escolha a sua op\u00e7\u00e3o'>Escolha a sua op\u00e7\u00e3o<\/option><option  value ='9\u00ba ano \u2013 Certifica\u00e7\u00e3o Escolar - N\u00edvel 2 de QNQ'>9\u00ba ano \u2013 Certifica\u00e7\u00e3o Escolar - N\u00edvel 2 de QNQ<\/option><option  value ='12\u00ba ano - Certifica\u00e7\u00e3o Escolar - N\u00edvel 3 de QNQ'>12\u00ba ano - Certifica\u00e7\u00e3o Escolar - N\u00edvel 3 de QNQ<\/option><option  value ='12\u00ba ano - Certifica\u00e7\u00e3o Profissional de N\u00edvel 4 \u2013 Dupla Certifica\u00e7\u00e3o'>12\u00ba ano - Certifica\u00e7\u00e3o Profissional de N\u00edvel 4 \u2013 Dupla Certifica\u00e7\u00e3o<\/option><\/select><\/p><p class=' first_form  form_element form_fullwidth' id='element_avia_observao_1'>\t <label for=\"avia_observao_1\" class=\"textare_label hidden textare_label_avia_observao_1\">Observa\u00e7\u00e3o<\/label>\t <textarea  name=\"avia_observao_1\" class=\"text_area \" cols=\"40\" rows=\"7\" id=\"avia_observao_1\" ><\/textarea><\/p><p class=\"hidden\"><input type=\"text\" name=\"avia_avia_username_1\" class=\"hidden \" id=\"avia_avia_username_1\" value=\"\" \/><\/p><p class=\"form_element \"><input type=\"hidden\" value=\"1\" name=\"avia_generated_form1\" \/><input type=\"submit\" value=\"Envio\" class=\"button\"  data-sending-label=\"Sending\"\/><\/p><\/fieldset><\/form><div id=\"ajaxresponse_1\" class=\"ajaxresponse ajaxresponse_1 hidden\"><\/div><\/div>\n","protected":false},"excerpt":{"rendered":"","protected":false},"author":1,"featured_media":0,"parent":0,"menu_order":0,"comment_status":"closed","ping_status":"closed","template":"","meta":[],"_links":{"self":[{"href":"https:\/\/aeaf.edu.pt\/index.php?rest_route=\/wp\/v2\/pages\/3734"}],"collection":[{"href":"https:\/\/aeaf.edu.pt\/index.php?rest_route=\/wp\/v2\/pages"}],"about":[{"href":"https:\/\/aeaf.edu.pt\/index.php?rest_route=\/wp\/v2\/types\/page"}],"author":[{"embeddable":true,"href":"https:\/\/aeaf.edu.pt\/index.php?rest_route=\/wp\/v2\/users\/1"}],"replies":[{"embeddable":true,"href":"https:\/\/aeaf.edu.pt\/index.php?rest_route=%2Fwp%2Fv2%2Fcomments&post=3734"}],"version-history":[{"count":5,"href":"https:\/\/aeaf.edu.pt\/index.php?rest_route=\/wp\/v2\/pages\/3734\/revisions"}],"predecessor-version":[{"id":6957,"href":"https:\/\/aeaf.edu.pt\/index.php?rest_route=\/wp\/v2\/pages\/3734\/revisions\/6957"}],"wp:attachment":[{"href":"https:\/\/aeaf.edu.pt\/index.php?rest_route=%2Fwp%2Fv2%2Fmedia&parent=3734"}],"curies":[{"name":"wp","href":"https:\/\/api.w.org\/{rel}","templated":true}]}}