{"id":6123,"date":"2017-01-23T23:40:12","date_gmt":"2017-01-23T23:40:12","guid":{"rendered":"http:\/\/aeaf.edu.pt\/?page_id=6123"},"modified":"2017-01-23T23:52:37","modified_gmt":"2017-01-23T23:52:37","slug":"noticias-antigas","status":"publish","type":"page","link":"https:\/\/aeaf.edu.pt\/?page_id=6123","title":{"rendered":"Not\u00edcias Antigas"},"content":{"rendered":"<section class=\"av_textblock_section\"  itemscope=\"itemscope\" itemtype=\"https:\/\/schema.org\/CreativeWork\" ><div class='avia_textblock '   itemprop=\"text\" ><h2 style=\"text-align: center;\">NOT\u00cdCIAS ANTIGAS<\/h2>\n<\/div><\/section>\n<div  data-autoplay=''  data-interval='5'  data-animation='fade'  data-show_slide_delay='90'  class='avia-content-slider avia-content-grid-active avia-content-slider1 avia-content-slider-odd '  itemscope=\"itemscope\" itemtype=\"https:\/\/schema.org\/Blog\" ><div class='avia-content-slider-inner'><div class='slide-entry-wrap'><article class='slide-entry flex_column  post-entry post-entry-15445 slide-entry-overview slide-loop-1 slide-parity-odd  av_one_third first real-thumbnail'  itemscope=\"itemscope\" itemtype=\"https:\/\/schema.org\/BlogPosting\" itemprop=\"blogPost\" ><a href='https:\/\/aeaf.edu.pt\/?p=15445' data-rel='slide-1' class='slide-image' title=''><img width=\"210\" height=\"209\" src=\"https:\/\/aeaf.edu.pt\/wp-content\/uploads\/2025\/09\/LogoPB.png\" class=\"attachment-portfolio size-portfolio wp-post-image\" alt=\"\" loading=\"lazy\" srcset=\"https:\/\/aeaf.edu.pt\/wp-content\/uploads\/2025\/09\/LogoPB.png 210w, https:\/\/aeaf.edu.pt\/wp-content\/uploads\/2025\/09\/LogoPB-80x80.png 80w, https:\/\/aeaf.edu.pt\/wp-content\/uploads\/2025\/09\/LogoPB-36x36.png 36w, https:\/\/aeaf.edu.pt\/wp-content\/uploads\/2025\/09\/LogoPB-180x180.png 180w, https:\/\/aeaf.edu.pt\/wp-content\/uploads\/2025\/09\/LogoPB-120x120.png 120w\" sizes=\"(max-width: 210px) 100vw, 210px\" \/><\/a><div class='slide-content'><header class=\"entry-content-header\"><h3 class='slide-entry-title entry-title'  itemprop=\"headline\" ><a href='https:\/\/aeaf.edu.pt\/?p=15445' title='Nota de Pesar'>Nota de Pesar<\/a><\/h3><\/header><div class='slide-meta'><time class='slide-meta-time updated'  itemprop=\"datePublished\" datetime=\"2025-09-08T22:37:14+00:00\" >Setembro 8, 2025<\/time><\/div><div class='slide-entry-excerpt entry-content'  itemprop=\"text\" >\n\n<\/div><\/div><footer class=\"entry-footer\"><\/footer><\/article><article class='slide-entry flex_column  post-entry post-entry-14986 slide-entry-overview slide-loop-2 slide-parity-even  av_one_third  real-thumbnail'  itemscope=\"itemscope\" itemtype=\"https:\/\/schema.org\/BlogPosting\" itemprop=\"blogPost\" ><a href='https:\/\/aeaf.edu.pt\/?p=14986' data-rel='slide-1' class='slide-image' title=''><img width=\"210\" height=\"209\" src=\"https:\/\/aeaf.edu.pt\/wp-content\/uploads\/2020\/05\/VermelhoSepnovo.png\" class=\"attachment-portfolio size-portfolio wp-post-image\" alt=\"\" loading=\"lazy\" srcset=\"https:\/\/aeaf.edu.pt\/wp-content\/uploads\/2020\/05\/VermelhoSepnovo.png 210w, https:\/\/aeaf.edu.pt\/wp-content\/uploads\/2020\/05\/VermelhoSepnovo-80x80.png 80w, https:\/\/aeaf.edu.pt\/wp-content\/uploads\/2020\/05\/VermelhoSepnovo-36x36.png 36w, https:\/\/aeaf.edu.pt\/wp-content\/uploads\/2020\/05\/VermelhoSepnovo-180x180.png 180w, https:\/\/aeaf.edu.pt\/wp-content\/uploads\/2020\/05\/VermelhoSepnovo-120x120.png 120w\" sizes=\"(max-width: 210px) 100vw, 210px\" \/><\/a><div class='slide-content'><header class=\"entry-content-header\"><h3 class='slide-entry-title entry-title'  itemprop=\"headline\" ><a href='https:\/\/aeaf.edu.pt\/?p=14986' title='Parlamento dos Jovens - AEAF 2025'>Parlamento dos Jovens - AEAF 2025<\/a><\/h3><\/header><div class='slide-meta'><time class='slide-meta-time updated'  itemprop=\"datePublished\" datetime=\"2025-03-27T08:49:00+00:00\" >Mar\u00e7o 27, 2025<\/time><\/div><div class='slide-entry-excerpt entry-content'  itemprop=\"text\" >\n\n\n\n\nPrograma Parlamento dos Jovens \u00e9 uma iniciativa da Assembleia\u2026<\/div><\/div><footer class=\"entry-footer\"><\/footer><\/article><article class='slide-entry flex_column  post-entry post-entry-14513 slide-entry-overview slide-loop-3 slide-parity-odd  av_one_third  real-thumbnail'  itemscope=\"itemscope\" itemtype=\"https:\/\/schema.org\/BlogPosting\" itemprop=\"blogPost\" ><a href='https:\/\/aeaf.edu.pt\/?p=14513' data-rel='slide-1' class='slide-image' title=''><img width=\"210\" height=\"209\" src=\"https:\/\/aeaf.edu.pt\/wp-content\/uploads\/2020\/05\/VerdeSepnovo.png\" class=\"attachment-portfolio size-portfolio wp-post-image\" alt=\"\" loading=\"lazy\" srcset=\"https:\/\/aeaf.edu.pt\/wp-content\/uploads\/2020\/05\/VerdeSepnovo.png 210w, https:\/\/aeaf.edu.pt\/wp-content\/uploads\/2020\/05\/VerdeSepnovo-80x80.png 80w, https:\/\/aeaf.edu.pt\/wp-content\/uploads\/2020\/05\/VerdeSepnovo-36x36.png 36w, https:\/\/aeaf.edu.pt\/wp-content\/uploads\/2020\/05\/VerdeSepnovo-180x180.png 180w, https:\/\/aeaf.edu.pt\/wp-content\/uploads\/2020\/05\/VerdeSepnovo-120x120.png 120w\" sizes=\"(max-width: 210px) 100vw, 210px\" \/><\/a><div class='slide-content'><header class=\"entry-content-header\"><h3 class='slide-entry-title entry-title'  itemprop=\"headline\" ><a href='https:\/\/aeaf.edu.pt\/?p=14513' title='ERASMUSDAYS - ALL OVER EUROPE'>ERASMUSDAYS - ALL OVER EUROPE<\/a><\/h3><\/header><div class='slide-meta'><time class='slide-meta-time updated'  itemprop=\"datePublished\" datetime=\"2024-10-10T22:03:41+00:00\" >Outubro 10, 2024<\/time><\/div><div class='slide-entry-excerpt entry-content'  itemprop=\"text\" >\nClube dos Projetos Europeus - AEAF\n\n\n\n14 e 16 de outubro 2024\n\n\n\nNos\u2026<\/div><\/div><footer class=\"entry-footer\"><\/footer><\/article><\/div><div class='slide-entry-wrap'><article class='slide-entry flex_column  post-entry post-entry-13875 slide-entry-overview slide-loop-4 slide-parity-odd  av_one_third first real-thumbnail'  itemscope=\"itemscope\" itemtype=\"https:\/\/schema.org\/BlogPosting\" itemprop=\"blogPost\" ><a href='https:\/\/aeaf.edu.pt\/?p=13875' data-rel='slide-1' class='slide-image' title=''><img width=\"210\" height=\"209\" src=\"https:\/\/aeaf.edu.pt\/wp-content\/uploads\/2020\/05\/VermelhoSepnovo.png\" class=\"attachment-portfolio size-portfolio wp-post-image\" alt=\"\" loading=\"lazy\" srcset=\"https:\/\/aeaf.edu.pt\/wp-content\/uploads\/2020\/05\/VermelhoSepnovo.png 210w, https:\/\/aeaf.edu.pt\/wp-content\/uploads\/2020\/05\/VermelhoSepnovo-80x80.png 80w, https:\/\/aeaf.edu.pt\/wp-content\/uploads\/2020\/05\/VermelhoSepnovo-36x36.png 36w, https:\/\/aeaf.edu.pt\/wp-content\/uploads\/2020\/05\/VermelhoSepnovo-180x180.png 180w, https:\/\/aeaf.edu.pt\/wp-content\/uploads\/2020\/05\/VermelhoSepnovo-120x120.png 120w\" sizes=\"(max-width: 210px) 100vw, 210px\" \/><\/a><div class='slide-content'><header class=\"entry-content-header\"><h3 class='slide-entry-title entry-title'  itemprop=\"headline\" ><a href='https:\/\/aeaf.edu.pt\/?p=13875' title='Exposi\u00e7\u00e3o de Maquetes: Senhorios laicos e eclesi\u00e1sticos'>Exposi\u00e7\u00e3o de Maquetes: Senhorios laicos e eclesi\u00e1sticos<\/a><\/h3><\/header><div class='slide-meta'><time class='slide-meta-time updated'  itemprop=\"datePublished\" datetime=\"2024-05-08T11:00:29+00:00\" >Maio 8, 2024<\/time><\/div><div class='slide-entry-excerpt entry-content'  itemprop=\"text\" >\n\n\n\n\nO Agrupamento de Escolas Alcaides de Faria, convida V\u00aaEx\u00aa\u2026<\/div><\/div><footer class=\"entry-footer\"><\/footer><\/article><article class='slide-entry flex_column  post-entry post-entry-12965 slide-entry-overview slide-loop-5 slide-parity-even  av_one_third  real-thumbnail'  itemscope=\"itemscope\" itemtype=\"https:\/\/schema.org\/BlogPosting\" itemprop=\"blogPost\" ><a href='https:\/\/aeaf.edu.pt\/?p=12965' data-rel='slide-1' class='slide-image' title=''><img width=\"200\" height=\"201\" src=\"https:\/\/aeaf.edu.pt\/wp-content\/uploads\/2023\/03\/logo1.png\" class=\"attachment-portfolio size-portfolio wp-post-image\" alt=\"\" loading=\"lazy\" srcset=\"https:\/\/aeaf.edu.pt\/wp-content\/uploads\/2023\/03\/logo1.png 200w, https:\/\/aeaf.edu.pt\/wp-content\/uploads\/2023\/03\/logo1-80x80.png 80w, https:\/\/aeaf.edu.pt\/wp-content\/uploads\/2023\/03\/logo1-36x36.png 36w, https:\/\/aeaf.edu.pt\/wp-content\/uploads\/2023\/03\/logo1-180x180.png 180w, https:\/\/aeaf.edu.pt\/wp-content\/uploads\/2023\/03\/logo1-120x120.png 120w\" sizes=\"(max-width: 200px) 100vw, 200px\" \/><\/a><div class='slide-content'><header class=\"entry-content-header\"><h3 class='slide-entry-title entry-title'  itemprop=\"headline\" ><a href='https:\/\/aeaf.edu.pt\/?p=12965' title='Feira de Emprego - Semana de Olhos Postos no Futuro'>Feira de Emprego - Semana de Olhos Postos no Futuro<\/a><\/h3><\/header><div class='slide-meta'><time class='slide-meta-time updated'  itemprop=\"datePublished\" datetime=\"2023-03-30T18:29:25+00:00\" >Mar\u00e7o 30, 2023<\/time><\/div><div class='slide-entry-excerpt entry-content'  itemprop=\"text\" >\n\n\n\n\n\n<\/div><\/div><footer class=\"entry-footer\"><\/footer><\/article><article class='slide-entry flex_column  post-entry post-entry-12921 slide-entry-overview slide-loop-6 slide-parity-odd  av_one_third  real-thumbnail'  itemscope=\"itemscope\" itemtype=\"https:\/\/schema.org\/BlogPosting\" itemprop=\"blogPost\" ><a href='https:\/\/aeaf.edu.pt\/?p=12921' data-rel='slide-1' class='slide-image' title=''><img width=\"400\" height=\"400\" src=\"https:\/\/aeaf.edu.pt\/wp-content\/uploads\/2023\/02\/BarroParede-400x400.png\" class=\"attachment-portfolio size-portfolio wp-post-image\" alt=\"\" loading=\"lazy\" srcset=\"https:\/\/aeaf.edu.pt\/wp-content\/uploads\/2023\/02\/BarroParede-400x400.png 400w, https:\/\/aeaf.edu.pt\/wp-content\/uploads\/2023\/02\/BarroParede-80x80.png 80w, https:\/\/aeaf.edu.pt\/wp-content\/uploads\/2023\/02\/BarroParede-36x36.png 36w, https:\/\/aeaf.edu.pt\/wp-content\/uploads\/2023\/02\/BarroParede-180x180.png 180w, https:\/\/aeaf.edu.pt\/wp-content\/uploads\/2023\/02\/BarroParede-120x120.png 120w\" sizes=\"(max-width: 400px) 100vw, 400px\" \/><\/a><div class='slide-content'><header class=\"entry-content-header\"><h3 class='slide-entry-title entry-title'  itemprop=\"headline\" ><a href='https:\/\/aeaf.edu.pt\/?p=12921' title='Festival BARRO \u00c0 PAREDE'>Festival BARRO \u00c0 PAREDE<\/a><\/h3><\/header><div class='slide-meta'><time class='slide-meta-time updated'  itemprop=\"datePublished\" datetime=\"2023-02-28T22:25:56+00:00\" >Fevereiro 28, 2023<\/time><\/div><div class='slide-entry-excerpt entry-content'  itemprop=\"text\" >\n\n\n\n\nA 1\u00aaEdi\u00e7\u00e3o da \u201cBienal Cultura &amp; Educa\u00e7\u00e3o 2023\u2026<\/div><\/div><footer class=\"entry-footer\"><\/footer><\/article><\/div><div class='slide-entry-wrap'><article class='slide-entry flex_column  post-entry post-entry-12431 slide-entry-overview slide-loop-7 slide-parity-odd  av_one_third first real-thumbnail'  itemscope=\"itemscope\" itemtype=\"https:\/\/schema.org\/BlogPosting\" itemprop=\"blogPost\" ><a href='https:\/\/aeaf.edu.pt\/?p=12431' data-rel='slide-1' class='slide-image' title=''><img width=\"222\" height=\"201\" src=\"https:\/\/aeaf.edu.pt\/wp-content\/uploads\/2022\/09\/logo_100h.png\" class=\"attachment-portfolio size-portfolio wp-post-image\" alt=\"\" loading=\"lazy\" \/><\/a><div class='slide-content'><header class=\"entry-content-header\"><h3 class='slide-entry-title entry-title'  itemprop=\"headline\" ><a href='https:\/\/aeaf.edu.pt\/?p=12431' title='Clube 100 \u00e0 Hora'>Clube 100 \u00e0 Hora<\/a><\/h3><\/header><div class='slide-meta'><time class='slide-meta-time updated'  itemprop=\"datePublished\" datetime=\"2022-09-21T17:52:53+00:00\" >Setembro 21, 2022<\/time><\/div><div class='slide-entry-excerpt entry-content'  itemprop=\"text\" >\n\n\n\n\n\n<\/div><\/div><footer class=\"entry-footer\"><\/footer><\/article><article class='slide-entry flex_column  post-entry post-entry-12378 slide-entry-overview slide-loop-8 slide-parity-even  av_one_third  real-thumbnail'  itemscope=\"itemscope\" itemtype=\"https:\/\/schema.org\/BlogPosting\" itemprop=\"blogPost\" ><a href='https:\/\/aeaf.edu.pt\/?p=12378' data-rel='slide-1' class='slide-image' title=''><img width=\"210\" height=\"209\" src=\"https:\/\/aeaf.edu.pt\/wp-content\/uploads\/2020\/05\/VermelhoSepnovo.png\" class=\"attachment-portfolio size-portfolio wp-post-image\" alt=\"\" loading=\"lazy\" srcset=\"https:\/\/aeaf.edu.pt\/wp-content\/uploads\/2020\/05\/VermelhoSepnovo.png 210w, https:\/\/aeaf.edu.pt\/wp-content\/uploads\/2020\/05\/VermelhoSepnovo-80x80.png 80w, https:\/\/aeaf.edu.pt\/wp-content\/uploads\/2020\/05\/VermelhoSepnovo-36x36.png 36w, https:\/\/aeaf.edu.pt\/wp-content\/uploads\/2020\/05\/VermelhoSepnovo-180x180.png 180w, https:\/\/aeaf.edu.pt\/wp-content\/uploads\/2020\/05\/VermelhoSepnovo-120x120.png 120w\" sizes=\"(max-width: 210px) 100vw, 210px\" \/><\/a><div class='slide-content'><header class=\"entry-content-header\"><h3 class='slide-entry-title entry-title'  itemprop=\"headline\" ><a href='https:\/\/aeaf.edu.pt\/?p=12378' title='Clube do Desporto Escolar do Agrupamento Alcaides de Faria'>Clube do Desporto Escolar do Agrupamento Alcaides de Faria<\/a><\/h3><\/header><div class='slide-meta'><time class='slide-meta-time updated'  itemprop=\"datePublished\" datetime=\"2022-09-10T13:25:59+00:00\" >Setembro 10, 2022<\/time><\/div><div class='slide-entry-excerpt entry-content'  itemprop=\"text\" >\n\n\n\n\nO Clube do Desporto Escolar do Agrupamento: Tem como finalidade\u2026<\/div><\/div><footer class=\"entry-footer\"><\/footer><\/article><article class='slide-entry flex_column  post-entry post-entry-12289 slide-entry-overview slide-loop-9 slide-parity-odd  av_one_third  real-thumbnail'  itemscope=\"itemscope\" itemtype=\"https:\/\/schema.org\/BlogPosting\" itemprop=\"blogPost\" ><a href='https:\/\/aeaf.edu.pt\/?p=12289' data-rel='slide-1' class='slide-image' title=''><img width=\"210\" height=\"209\" src=\"https:\/\/aeaf.edu.pt\/wp-content\/uploads\/2020\/05\/VerdeSepnovo.png\" class=\"attachment-portfolio size-portfolio wp-post-image\" alt=\"\" loading=\"lazy\" srcset=\"https:\/\/aeaf.edu.pt\/wp-content\/uploads\/2020\/05\/VerdeSepnovo.png 210w, https:\/\/aeaf.edu.pt\/wp-content\/uploads\/2020\/05\/VerdeSepnovo-80x80.png 80w, https:\/\/aeaf.edu.pt\/wp-content\/uploads\/2020\/05\/VerdeSepnovo-36x36.png 36w, https:\/\/aeaf.edu.pt\/wp-content\/uploads\/2020\/05\/VerdeSepnovo-180x180.png 180w, https:\/\/aeaf.edu.pt\/wp-content\/uploads\/2020\/05\/VerdeSepnovo-120x120.png 120w\" sizes=\"(max-width: 210px) 100vw, 210px\" \/><\/a><div class='slide-content'><header class=\"entry-content-header\"><h3 class='slide-entry-title entry-title'  itemprop=\"headline\" ><a href='https:\/\/aeaf.edu.pt\/?p=12289' title='Baile de Gala do 11\u00baano da ESAF - 2022'>Baile de Gala do 11\u00baano da ESAF - 2022<\/a><\/h3><\/header><div class='slide-meta'><time class='slide-meta-time updated'  itemprop=\"datePublished\" datetime=\"2022-06-30T16:59:17+00:00\" >Junho 30, 2022<\/time><\/div><div class='slide-entry-excerpt entry-content'  itemprop=\"text\" >\n\n\n\n\nNo dia 8 de julho de 2022, realizar-se-\u00e1 pela primeira\u2026<\/div><\/div><footer class=\"entry-footer\"><\/footer><\/article><\/div><div class='slide-entry-wrap'><article class='slide-entry flex_column  post-entry post-entry-12069 slide-entry-overview slide-loop-10 slide-parity-odd  av_one_third first real-thumbnail'  itemscope=\"itemscope\" itemtype=\"https:\/\/schema.org\/BlogPosting\" itemprop=\"blogPost\" ><a href='https:\/\/aeaf.edu.pt\/?p=12069' data-rel='slide-1' class='slide-image' title=''><img width=\"210\" height=\"209\" src=\"https:\/\/aeaf.edu.pt\/wp-content\/uploads\/2020\/05\/VermelhoSepnovo.png\" class=\"attachment-portfolio size-portfolio wp-post-image\" alt=\"\" loading=\"lazy\" srcset=\"https:\/\/aeaf.edu.pt\/wp-content\/uploads\/2020\/05\/VermelhoSepnovo.png 210w, https:\/\/aeaf.edu.pt\/wp-content\/uploads\/2020\/05\/VermelhoSepnovo-80x80.png 80w, https:\/\/aeaf.edu.pt\/wp-content\/uploads\/2020\/05\/VermelhoSepnovo-36x36.png 36w, https:\/\/aeaf.edu.pt\/wp-content\/uploads\/2020\/05\/VermelhoSepnovo-180x180.png 180w, https:\/\/aeaf.edu.pt\/wp-content\/uploads\/2020\/05\/VermelhoSepnovo-120x120.png 120w\" sizes=\"(max-width: 210px) 100vw, 210px\" \/><\/a><div class='slide-content'><header class=\"entry-content-header\"><h3 class='slide-entry-title entry-title'  itemprop=\"headline\" ><a href='https:\/\/aeaf.edu.pt\/?p=12069' title='FEIRA VERDE\/2022 - EB Manhente'>FEIRA VERDE\/2022 - EB Manhente<\/a><\/h3><\/header><div class='slide-meta'><time class='slide-meta-time updated'  itemprop=\"datePublished\" datetime=\"2022-04-07T16:12:10+00:00\" >Abril 7, 2022<\/time><\/div><div class='slide-entry-excerpt entry-content'  itemprop=\"text\" >\n\n\n\n\nNo pr\u00f3ximo dia 4 de maio realiza-se na EB de Manhente a\u2026<\/div><\/div><footer class=\"entry-footer\"><\/footer><\/article><article class='slide-entry flex_column  post-entry post-entry-11961 slide-entry-overview slide-loop-11 slide-parity-even  av_one_third  real-thumbnail'  itemscope=\"itemscope\" itemtype=\"https:\/\/schema.org\/BlogPosting\" itemprop=\"blogPost\" ><a href='https:\/\/aeaf.edu.pt\/?p=11961' data-rel='slide-1' class='slide-image' title=''><img width=\"300\" height=\"400\" src=\"https:\/\/aeaf.edu.pt\/wp-content\/uploads\/2022\/03\/Profissoes-do-Sec.-XXI-p-300x400.png\" class=\"attachment-portfolio size-portfolio wp-post-image\" alt=\"\" loading=\"lazy\" \/><\/a><div class='slide-content'><header class=\"entry-content-header\"><h3 class='slide-entry-title entry-title'  itemprop=\"headline\" ><a href='https:\/\/aeaf.edu.pt\/?p=11961' title='&quot;Pro-Empreendedorismo&quot;Sess\u00f5es de desenvolvimento de Compet\u00eancias'>\"Pro-Empreendedorismo\"<br>Sess\u00f5es de desenvolvimento de Compet\u00eancias<\/a><\/h3><\/header><div class='slide-meta'><time class='slide-meta-time updated'  itemprop=\"datePublished\" datetime=\"2022-03-07T19:39:09+00:00\" >Mar\u00e7o 7, 2022<\/time><\/div><div class='slide-entry-excerpt entry-content'  itemprop=\"text\" >\n\n\n\n\nSess\u00f5es de desenvolvimento de Compet\u00eancias, \"Pro-Empreendedorismo\",\u2026<\/div><\/div><footer class=\"entry-footer\"><\/footer><\/article><article class='slide-entry flex_column  post-entry post-entry-11896 slide-entry-overview slide-loop-12 slide-parity-odd  post-entry-last  av_one_third  real-thumbnail'  itemscope=\"itemscope\" itemtype=\"https:\/\/schema.org\/BlogPosting\" itemprop=\"blogPost\" ><a href='https:\/\/aeaf.edu.pt\/?p=11896' data-rel='slide-1' class='slide-image' title=''><img width=\"210\" height=\"209\" src=\"https:\/\/aeaf.edu.pt\/wp-content\/uploads\/2020\/05\/VerdeSepnovo.png\" class=\"attachment-portfolio size-portfolio wp-post-image\" alt=\"\" loading=\"lazy\" srcset=\"https:\/\/aeaf.edu.pt\/wp-content\/uploads\/2020\/05\/VerdeSepnovo.png 210w, https:\/\/aeaf.edu.pt\/wp-content\/uploads\/2020\/05\/VerdeSepnovo-80x80.png 80w, https:\/\/aeaf.edu.pt\/wp-content\/uploads\/2020\/05\/VerdeSepnovo-36x36.png 36w, https:\/\/aeaf.edu.pt\/wp-content\/uploads\/2020\/05\/VerdeSepnovo-180x180.png 180w, https:\/\/aeaf.edu.pt\/wp-content\/uploads\/2020\/05\/VerdeSepnovo-120x120.png 120w\" sizes=\"(max-width: 210px) 100vw, 210px\" \/><\/a><div class='slide-content'><header class=\"entry-content-header\"><h3 class='slide-entry-title entry-title'  itemprop=\"headline\" ><a href='https:\/\/aeaf.edu.pt\/?p=11896' title='Semana da Empatia'>Semana da Empatia<\/a><\/h3><\/header><div class='slide-meta'><time class='slide-meta-time updated'  itemprop=\"datePublished\" datetime=\"2022-02-16T17:29:57+00:00\" >Fevereiro 16, 2022<\/time><\/div><div class='slide-entry-excerpt entry-content'  itemprop=\"text\" >\n\n\n\n\n\u201cSentir com o outro\u201d- 21 a 25 de fevereiro. 2022\n\n\n\nTodos\u2026<\/div><\/div><footer class=\"entry-footer\"><\/footer><\/article><\/div><\/div><div class='pagination-wrap pagination-slider'><nav class='pagination'><span class='pagination-meta'>Page 1 of 12<\/span><span class='current'>1<\/span><a href='https:\/\/aeaf.edu.pt\/index.php?rest_route=%2Fwp%2Fv2%2Fpages%2F6123&#038;paged=2' class='inactive' >2<\/a><a href='https:\/\/aeaf.edu.pt\/index.php?rest_route=%2Fwp%2Fv2%2Fpages%2F6123&#038;paged=3' class='inactive' >3<\/a><a href='https:\/\/aeaf.edu.pt\/index.php?rest_route=%2Fwp%2Fv2%2Fpages%2F6123&#038;paged=2'>&rsaquo;<\/a><a href='https:\/\/aeaf.edu.pt\/index.php?rest_route=%2Fwp%2Fv2%2Fpages%2F6123&#038;paged=12'>&raquo;<\/a><\/nav>\n<\/div><\/div>\n","protected":false},"excerpt":{"rendered":"","protected":false},"author":1,"featured_media":0,"parent":0,"menu_order":0,"comment_status":"closed","ping_status":"closed","template":"","meta":[],"_links":{"self":[{"href":"https:\/\/aeaf.edu.pt\/index.php?rest_route=\/wp\/v2\/pages\/6123"}],"collection":[{"href":"https:\/\/aeaf.edu.pt\/index.php?rest_route=\/wp\/v2\/pages"}],"about":[{"href":"https:\/\/aeaf.edu.pt\/index.php?rest_route=\/wp\/v2\/types\/page"}],"author":[{"embeddable":true,"href":"https:\/\/aeaf.edu.pt\/index.php?rest_route=\/wp\/v2\/users\/1"}],"replies":[{"embeddable":true,"href":"https:\/\/aeaf.edu.pt\/index.php?rest_route=%2Fwp%2Fv2%2Fcomments&post=6123"}],"version-history":[{"count":3,"href":"https:\/\/aeaf.edu.pt\/index.php?rest_route=\/wp\/v2\/pages\/6123\/revisions"}],"predecessor-version":[{"id":6127,"href":"https:\/\/aeaf.edu.pt\/index.php?rest_route=\/wp\/v2\/pages\/6123\/revisions\/6127"}],"wp:attachment":[{"href":"https:\/\/aeaf.edu.pt\/index.php?rest_route=%2Fwp%2Fv2%2Fmedia&parent=6123"}],"curies":[{"name":"wp","href":"https:\/\/api.w.org\/{rel}","templated":true}]}}